{"id":1749,"date":"2023-05-15T22:58:39","date_gmt":"2023-05-15T22:58:39","guid":{"rendered":"https:\/\/solucionsolar.cl\/solar\/producto\/terminal-ojo-16-14awg-43mm-azul-50-un-lexo\/"},"modified":"2023-05-15T22:58:39","modified_gmt":"2023-05-15T22:58:39","slug":"terminal-ojo-16-14awg-43mm-azul-50-un-lexo","status":"publish","type":"product","link":"https:\/\/solucionsolar.cl\/solar\/producto\/terminal-ojo-16-14awg-43mm-azul-50-un-lexo\/","title":{"rendered":"Terminal Ojo 16-14AWG (4,3mm) Azul 50 un LEXO"},"content":{"rendered":"<p>Es un componente utilizado en instalaciones el\u00e9ctricas para realizar una conexi\u00f3n segura y confiable entre un conductor el\u00e9ctrico y un dispositivo de conexi\u00f3n. Este terminal cuenta con un ojal en uno de sus extremos que permite su fijaci\u00f3n mediante un tornillo o un perno, y est\u00e1 dise\u00f1ado para ser utilizado con cables de calibre 16 a 14 AWG (American Wire Gauge) con un di\u00e1metro de 4,3mm.<\/p>\n","protected":false},"excerpt":{"rendered":"<p>Es un componente utilizado en instalaciones el\u00e9ctricas para realizar una conexi\u00f3n segura y confiable entre un conductor el\u00e9ctrico y un dispositivo de conexi\u00f3n. Este terminal cuenta con un ojal en uno de sus extremos que permite su fijaci\u00f3n mediante un tornillo o un perno, y est\u00e1 dise\u00f1ado para ser utilizado con cables de calibre 16 a 14 AWG (American Wire [&hellip;]<\/p>\n","protected":false},"featured_media":1748,"comment_status":"open","ping_status":"closed","template":"","meta":{"_joinchat":[]},"product_brand":[],"product_cat":[16],"product_tag":[],"class_list":{"0":"post-1749","1":"product","2":"type-product","3":"status-publish","4":"has-post-thumbnail","6":"product_cat-electricidad","8":"first","9":"instock","10":"shipping-taxable","11":"purchasable","12":"product-type-simple"},"ams_default_variation_id":0,"ams_product_points_reward":[],"ams_product_discount_percentage":0,"ams_price_to_display":3000,"ams_acf":[],"jetpack_sharing_enabled":true,"_links":{"self":[{"href":"https:\/\/solucionsolar.cl\/solar\/wp-json\/wp\/v2\/product\/1749","targetHints":{"allow":["GET"]}}],"collection":[{"href":"https:\/\/solucionsolar.cl\/solar\/wp-json\/wp\/v2\/product"}],"about":[{"href":"https:\/\/solucionsolar.cl\/solar\/wp-json\/wp\/v2\/types\/product"}],"replies":[{"embeddable":true,"href":"https:\/\/solucionsolar.cl\/solar\/wp-json\/wp\/v2\/comments?post=1749"}],"wp:featuredmedia":[{"embeddable":true,"href":"https:\/\/solucionsolar.cl\/solar\/wp-json\/wp\/v2\/media\/1748"}],"wp:attachment":[{"href":"https:\/\/solucionsolar.cl\/solar\/wp-json\/wp\/v2\/media?parent=1749"}],"wp:term":[{"taxonomy":"product_brand","embeddable":true,"href":"https:\/\/solucionsolar.cl\/solar\/wp-json\/wp\/v2\/product_brand?post=1749"},{"taxonomy":"product_cat","embeddable":true,"href":"https:\/\/solucionsolar.cl\/solar\/wp-json\/wp\/v2\/product_cat?post=1749"},{"taxonomy":"product_tag","embeddable":true,"href":"https:\/\/solucionsolar.cl\/solar\/wp-json\/wp\/v2\/product_tag?post=1749"}],"curies":[{"name":"wp","href":"https:\/\/api.w.org\/{rel}","templated":true}]}}