{"id":1753,"date":"2023-05-15T22:58:52","date_gmt":"2023-05-15T22:58:52","guid":{"rendered":"https:\/\/solucionsolar.cl\/solar\/producto\/cable-utp-cat-6-armado-2mt\/"},"modified":"2023-05-15T22:58:52","modified_gmt":"2023-05-15T22:58:52","slug":"cable-utp-cat-6-armado-2mt","status":"publish","type":"product","link":"https:\/\/solucionsolar.cl\/solar\/producto\/cable-utp-cat-6-armado-2mt\/","title":{"rendered":"Cable UTP CAT 6 armado 2mt"},"content":{"rendered":"<p>Es un cable de par trenzado sin blindaje que cumple con las especificaciones de la categor\u00eda 6 de cableado estructurado. Este tipo de cable se utiliza en redes de \u00e1rea local (LAN) para la transmisi\u00f3n de datos de alta velocidad y para conectar dispositivos de red como computadoras, impresoras, routers, switches y servidores.<\/p>\n","protected":false},"excerpt":{"rendered":"<p>Es un cable de par trenzado sin blindaje que cumple con las especificaciones de la categor\u00eda 6 de cableado estructurado. Este tipo de cable se utiliza en redes de \u00e1rea local (LAN) para la transmisi\u00f3n de datos de alta velocidad y para conectar dispositivos de red como computadoras, impresoras, routers, switches y servidores.<\/p>\n","protected":false},"featured_media":1752,"comment_status":"open","ping_status":"closed","template":"","meta":{"_joinchat":[]},"product_brand":[],"product_cat":[18,16],"product_tag":[],"class_list":{"0":"post-1753","1":"product","2":"type-product","3":"status-publish","4":"has-post-thumbnail","6":"product_cat-cables","7":"product_cat-electricidad","9":"first","10":"instock","11":"shipping-taxable","12":"purchasable","13":"product-type-simple"},"ams_default_variation_id":0,"ams_product_points_reward":[],"ams_product_discount_percentage":0,"ams_price_to_display":2000,"ams_acf":[],"jetpack_sharing_enabled":true,"_links":{"self":[{"href":"https:\/\/solucionsolar.cl\/solar\/wp-json\/wp\/v2\/product\/1753","targetHints":{"allow":["GET"]}}],"collection":[{"href":"https:\/\/solucionsolar.cl\/solar\/wp-json\/wp\/v2\/product"}],"about":[{"href":"https:\/\/solucionsolar.cl\/solar\/wp-json\/wp\/v2\/types\/product"}],"replies":[{"embeddable":true,"href":"https:\/\/solucionsolar.cl\/solar\/wp-json\/wp\/v2\/comments?post=1753"}],"wp:featuredmedia":[{"embeddable":true,"href":"https:\/\/solucionsolar.cl\/solar\/wp-json\/wp\/v2\/media\/1752"}],"wp:attachment":[{"href":"https:\/\/solucionsolar.cl\/solar\/wp-json\/wp\/v2\/media?parent=1753"}],"wp:term":[{"taxonomy":"product_brand","embeddable":true,"href":"https:\/\/solucionsolar.cl\/solar\/wp-json\/wp\/v2\/product_brand?post=1753"},{"taxonomy":"product_cat","embeddable":true,"href":"https:\/\/solucionsolar.cl\/solar\/wp-json\/wp\/v2\/product_cat?post=1753"},{"taxonomy":"product_tag","embeddable":true,"href":"https:\/\/solucionsolar.cl\/solar\/wp-json\/wp\/v2\/product_tag?post=1753"}],"curies":[{"name":"wp","href":"https:\/\/api.w.org\/{rel}","templated":true}]}}