{"id":1757,"date":"2023-05-15T22:59:03","date_gmt":"2023-05-15T22:59:03","guid":{"rendered":"https:\/\/solucionsolar.cl\/solar\/producto\/caja-estanca-150x170x85mm-lisa-zama\/"},"modified":"2023-05-15T22:59:03","modified_gmt":"2023-05-15T22:59:03","slug":"caja-estanca-150x170x85mm-lisa-zama","status":"publish","type":"product","link":"https:\/\/solucionsolar.cl\/solar\/producto\/caja-estanca-150x170x85mm-lisa-zama\/","title":{"rendered":"Caja estanca 150x170x85mm lisa ZAMA"},"content":{"rendered":"<p>Es un tipo de caja de derivaci\u00f3n dise\u00f1ada para proteger y alojar componentes el\u00e9ctricos o electr\u00f3nicos en ambientes hostiles o h\u00famedos. Est\u00e1 hecha de una aleaci\u00f3n de zinc y aluminio llamada ZAMAK, que le proporciona una alta resistencia y durabilidad contra la corrosi\u00f3n.<\/p>\n","protected":false},"excerpt":{"rendered":"<p>Es un tipo de caja de derivaci\u00f3n dise\u00f1ada para proteger y alojar componentes el\u00e9ctricos o electr\u00f3nicos en ambientes hostiles o h\u00famedos. Est\u00e1 hecha de una aleaci\u00f3n de zinc y aluminio llamada ZAMAK, que le proporciona una alta resistencia y durabilidad contra la corrosi\u00f3n.<\/p>\n","protected":false},"featured_media":1756,"comment_status":"open","ping_status":"closed","template":"","meta":{"_joinchat":[]},"product_brand":[],"product_cat":[16],"product_tag":[],"class_list":{"0":"post-1757","1":"product","2":"type-product","3":"status-publish","4":"has-post-thumbnail","6":"product_cat-electricidad","8":"first","9":"instock","10":"shipping-taxable","11":"purchasable","12":"product-type-simple"},"ams_default_variation_id":0,"ams_product_points_reward":[],"ams_product_discount_percentage":0,"ams_price_to_display":4000,"ams_acf":[],"jetpack_sharing_enabled":true,"_links":{"self":[{"href":"https:\/\/solucionsolar.cl\/solar\/wp-json\/wp\/v2\/product\/1757","targetHints":{"allow":["GET"]}}],"collection":[{"href":"https:\/\/solucionsolar.cl\/solar\/wp-json\/wp\/v2\/product"}],"about":[{"href":"https:\/\/solucionsolar.cl\/solar\/wp-json\/wp\/v2\/types\/product"}],"replies":[{"embeddable":true,"href":"https:\/\/solucionsolar.cl\/solar\/wp-json\/wp\/v2\/comments?post=1757"}],"wp:featuredmedia":[{"embeddable":true,"href":"https:\/\/solucionsolar.cl\/solar\/wp-json\/wp\/v2\/media\/1756"}],"wp:attachment":[{"href":"https:\/\/solucionsolar.cl\/solar\/wp-json\/wp\/v2\/media?parent=1757"}],"wp:term":[{"taxonomy":"product_brand","embeddable":true,"href":"https:\/\/solucionsolar.cl\/solar\/wp-json\/wp\/v2\/product_brand?post=1757"},{"taxonomy":"product_cat","embeddable":true,"href":"https:\/\/solucionsolar.cl\/solar\/wp-json\/wp\/v2\/product_cat?post=1757"},{"taxonomy":"product_tag","embeddable":true,"href":"https:\/\/solucionsolar.cl\/solar\/wp-json\/wp\/v2\/product_tag?post=1757"}],"curies":[{"name":"wp","href":"https:\/\/api.w.org\/{rel}","templated":true}]}}