{"id":1760,"date":"2023-05-15T22:59:11","date_gmt":"2023-05-15T22:59:11","guid":{"rendered":"https:\/\/solucionsolar.cl\/solar\/producto\/cable-rv-k-1kv-3x15mm-negro-mt\/"},"modified":"2023-05-15T22:59:11","modified_gmt":"2023-05-15T22:59:11","slug":"cable-rv-k-1kv-3x15mm-negro-mt","status":"publish","type":"product","link":"https:\/\/solucionsolar.cl\/solar\/producto\/cable-rv-k-1kv-3x15mm-negro-mt\/","title":{"rendered":"Cable RV-K 1KV 3&#215;1,5mm Negro (mt)"},"content":{"rendered":"<p>El Cable RV-K 1KV 3&#215;1,5mm Negro es un cable el\u00e9ctrico de baja tensi\u00f3n con una capacidad de voltaje de hasta 1000 voltios y una secci\u00f3n transversal de 1,5mm\u00b2. Est\u00e1 compuesto por tres conductores de cobre recubiertos de PVC de color negro, y es adecuado para instalaciones fijas en interiores y exteriores.<\/p>\n","protected":false},"excerpt":{"rendered":"<p>El Cable RV-K 1KV 3&#215;1,5mm Negro es un cable el\u00e9ctrico de baja tensi\u00f3n con una capacidad de voltaje de hasta 1000 voltios y una secci\u00f3n transversal de 1,5mm\u00b2. Est\u00e1 compuesto por tres conductores de cobre recubiertos de PVC de color negro, y es adecuado para instalaciones fijas en interiores y exteriores.<\/p>\n","protected":false},"featured_media":1759,"comment_status":"open","ping_status":"closed","template":"","meta":{"_joinchat":[]},"product_brand":[],"product_cat":[42,26],"product_tag":[],"class_list":{"0":"post-1760","1":"product","2":"type-product","3":"status-publish","4":"has-post-thumbnail","6":"product_cat-conductores","7":"product_cat-empalmes","9":"first","10":"instock","11":"shipping-taxable","12":"purchasable","13":"product-type-simple"},"ams_default_variation_id":0,"ams_product_points_reward":[],"ams_product_discount_percentage":0,"ams_price_to_display":1250,"ams_acf":[],"jetpack_sharing_enabled":true,"_links":{"self":[{"href":"https:\/\/solucionsolar.cl\/solar\/wp-json\/wp\/v2\/product\/1760","targetHints":{"allow":["GET"]}}],"collection":[{"href":"https:\/\/solucionsolar.cl\/solar\/wp-json\/wp\/v2\/product"}],"about":[{"href":"https:\/\/solucionsolar.cl\/solar\/wp-json\/wp\/v2\/types\/product"}],"replies":[{"embeddable":true,"href":"https:\/\/solucionsolar.cl\/solar\/wp-json\/wp\/v2\/comments?post=1760"}],"wp:featuredmedia":[{"embeddable":true,"href":"https:\/\/solucionsolar.cl\/solar\/wp-json\/wp\/v2\/media\/1759"}],"wp:attachment":[{"href":"https:\/\/solucionsolar.cl\/solar\/wp-json\/wp\/v2\/media?parent=1760"}],"wp:term":[{"taxonomy":"product_brand","embeddable":true,"href":"https:\/\/solucionsolar.cl\/solar\/wp-json\/wp\/v2\/product_brand?post=1760"},{"taxonomy":"product_cat","embeddable":true,"href":"https:\/\/solucionsolar.cl\/solar\/wp-json\/wp\/v2\/product_cat?post=1760"},{"taxonomy":"product_tag","embeddable":true,"href":"https:\/\/solucionsolar.cl\/solar\/wp-json\/wp\/v2\/product_tag?post=1760"}],"curies":[{"name":"wp","href":"https:\/\/api.w.org\/{rel}","templated":true}]}}