{"id":1762,"date":"2023-05-15T22:59:15","date_gmt":"2023-05-15T22:59:15","guid":{"rendered":"https:\/\/solucionsolar.cl\/solar\/producto\/enchufe-macho-volante-2pt-16a-250vac-negro-fanton\/"},"modified":"2023-05-15T22:59:15","modified_gmt":"2023-05-15T22:59:15","slug":"enchufe-macho-volante-2pt-16a-250vac-negro-fanton","status":"publish","type":"product","link":"https:\/\/solucionsolar.cl\/solar\/producto\/enchufe-macho-volante-2pt-16a-250vac-negro-fanton\/","title":{"rendered":"Enchufe Macho volante 2P+T 16A 250VAC negro FANTON"},"content":{"rendered":"<p>Es un dispositivo utilizado en instalaciones el\u00e9ctricas para la conexi\u00f3n de equipos y dispositivos el\u00e9ctricos. Este enchufe est\u00e1 dise\u00f1ado con 2 polos y una toma de tierra, lo que garantiza una conexi\u00f3n segura y confiable.<\/p>\n","protected":false},"excerpt":{"rendered":"<p>Es un dispositivo utilizado en instalaciones el\u00e9ctricas para la conexi\u00f3n de equipos y dispositivos el\u00e9ctricos. Este enchufe est\u00e1 dise\u00f1ado con 2 polos y una toma de tierra, lo que garantiza una conexi\u00f3n segura y confiable.<\/p>\n","protected":false},"featured_media":1761,"comment_status":"open","ping_status":"closed","template":"","meta":{"_joinchat":[]},"product_brand":[],"product_cat":[16],"product_tag":[],"class_list":{"0":"post-1762","1":"product","2":"type-product","3":"status-publish","4":"has-post-thumbnail","6":"product_cat-electricidad","8":"first","9":"instock","10":"shipping-taxable","11":"purchasable","12":"product-type-simple"},"ams_default_variation_id":0,"ams_product_points_reward":[],"ams_product_discount_percentage":0,"ams_price_to_display":1400,"ams_acf":[],"jetpack_sharing_enabled":true,"_links":{"self":[{"href":"https:\/\/solucionsolar.cl\/solar\/wp-json\/wp\/v2\/product\/1762","targetHints":{"allow":["GET"]}}],"collection":[{"href":"https:\/\/solucionsolar.cl\/solar\/wp-json\/wp\/v2\/product"}],"about":[{"href":"https:\/\/solucionsolar.cl\/solar\/wp-json\/wp\/v2\/types\/product"}],"replies":[{"embeddable":true,"href":"https:\/\/solucionsolar.cl\/solar\/wp-json\/wp\/v2\/comments?post=1762"}],"wp:featuredmedia":[{"embeddable":true,"href":"https:\/\/solucionsolar.cl\/solar\/wp-json\/wp\/v2\/media\/1761"}],"wp:attachment":[{"href":"https:\/\/solucionsolar.cl\/solar\/wp-json\/wp\/v2\/media?parent=1762"}],"wp:term":[{"taxonomy":"product_brand","embeddable":true,"href":"https:\/\/solucionsolar.cl\/solar\/wp-json\/wp\/v2\/product_brand?post=1762"},{"taxonomy":"product_cat","embeddable":true,"href":"https:\/\/solucionsolar.cl\/solar\/wp-json\/wp\/v2\/product_cat?post=1762"},{"taxonomy":"product_tag","embeddable":true,"href":"https:\/\/solucionsolar.cl\/solar\/wp-json\/wp\/v2\/product_tag?post=1762"}],"curies":[{"name":"wp","href":"https:\/\/api.w.org\/{rel}","templated":true}]}}