{"id":1766,"date":"2023-05-15T22:59:25","date_gmt":"2023-05-15T22:59:25","guid":{"rendered":"https:\/\/solucionsolar.cl\/solar\/producto\/enchufe-hembra-volante-industrial-32a-6h-2pt-ip44-54-azul-gewiss\/"},"modified":"2023-05-15T22:59:25","modified_gmt":"2023-05-15T22:59:25","slug":"enchufe-hembra-volante-industrial-32a-6h-2pt-ip44-54-azul-gewiss","status":"publish","type":"product","link":"https:\/\/solucionsolar.cl\/solar\/producto\/enchufe-hembra-volante-industrial-32a-6h-2pt-ip44-54-azul-gewiss\/","title":{"rendered":"Enchufe Hembra volante industrial 32A 6H 2P+T IP44\/54 Azul GEWISS"},"content":{"rendered":"<p>Es un dispositivo el\u00e9ctrico dise\u00f1ado para conectarse a un enchufe macho correspondiente en una instalaci\u00f3n el\u00e9ctrica industrial.<\/p>\n","protected":false},"excerpt":{"rendered":"<p>Es un dispositivo el\u00e9ctrico dise\u00f1ado para conectarse a un enchufe macho correspondiente en una instalaci\u00f3n el\u00e9ctrica industrial.<\/p>\n","protected":false},"featured_media":1765,"comment_status":"open","ping_status":"closed","template":"","meta":{"_joinchat":[]},"product_brand":[],"product_cat":[16],"product_tag":[],"class_list":{"0":"post-1766","1":"product","2":"type-product","3":"status-publish","4":"has-post-thumbnail","6":"product_cat-electricidad","8":"first","9":"instock","10":"shipping-taxable","11":"purchasable","12":"product-type-simple"},"ams_default_variation_id":0,"ams_product_points_reward":[],"ams_product_discount_percentage":0,"ams_price_to_display":9500,"ams_acf":[],"jetpack_sharing_enabled":true,"_links":{"self":[{"href":"https:\/\/solucionsolar.cl\/solar\/wp-json\/wp\/v2\/product\/1766","targetHints":{"allow":["GET"]}}],"collection":[{"href":"https:\/\/solucionsolar.cl\/solar\/wp-json\/wp\/v2\/product"}],"about":[{"href":"https:\/\/solucionsolar.cl\/solar\/wp-json\/wp\/v2\/types\/product"}],"replies":[{"embeddable":true,"href":"https:\/\/solucionsolar.cl\/solar\/wp-json\/wp\/v2\/comments?post=1766"}],"wp:featuredmedia":[{"embeddable":true,"href":"https:\/\/solucionsolar.cl\/solar\/wp-json\/wp\/v2\/media\/1765"}],"wp:attachment":[{"href":"https:\/\/solucionsolar.cl\/solar\/wp-json\/wp\/v2\/media?parent=1766"}],"wp:term":[{"taxonomy":"product_brand","embeddable":true,"href":"https:\/\/solucionsolar.cl\/solar\/wp-json\/wp\/v2\/product_brand?post=1766"},{"taxonomy":"product_cat","embeddable":true,"href":"https:\/\/solucionsolar.cl\/solar\/wp-json\/wp\/v2\/product_cat?post=1766"},{"taxonomy":"product_tag","embeddable":true,"href":"https:\/\/solucionsolar.cl\/solar\/wp-json\/wp\/v2\/product_tag?post=1766"}],"curies":[{"name":"wp","href":"https:\/\/api.w.org\/{rel}","templated":true}]}}