{"id":1770,"date":"2023-05-15T22:59:38","date_gmt":"2023-05-15T22:59:38","guid":{"rendered":"https:\/\/solucionsolar.cl\/solar\/producto\/fotocelda-1800w\/"},"modified":"2023-05-15T22:59:38","modified_gmt":"2023-05-15T22:59:38","slug":"fotocelda-1800w","status":"publish","type":"product","link":"https:\/\/solucionsolar.cl\/solar\/producto\/fotocelda-1800w\/","title":{"rendered":"Fotocelda 1800W"},"content":{"rendered":"<p>Las fotoceldas son un dispositivo electr\u00f3nico capaz de producir una peque\u00f1a cantidad de corriente el\u00e9ctrica; que al ser expuesta a la luz; logra controlar el encendido autom\u00e1tico del alumbrado p\u00fablico<\/p>\n","protected":false},"excerpt":{"rendered":"<p>Las fotoceldas son un dispositivo electr\u00f3nico capaz de producir una peque\u00f1a cantidad de corriente el\u00e9ctrica; que al ser expuesta a la luz; logra controlar el encendido autom\u00e1tico del alumbrado p\u00fablico<\/p>\n","protected":false},"featured_media":1769,"comment_status":"open","ping_status":"closed","template":"","meta":{"_joinchat":[]},"product_brand":[],"product_cat":[16],"product_tag":[],"class_list":{"0":"post-1770","1":"product","2":"type-product","3":"status-publish","4":"has-post-thumbnail","6":"product_cat-electricidad","8":"first","9":"instock","10":"shipping-taxable","11":"purchasable","12":"product-type-simple"},"ams_default_variation_id":0,"ams_product_points_reward":[],"ams_product_discount_percentage":0,"ams_price_to_display":5500,"ams_acf":[],"jetpack_sharing_enabled":true,"_links":{"self":[{"href":"https:\/\/solucionsolar.cl\/solar\/wp-json\/wp\/v2\/product\/1770","targetHints":{"allow":["GET"]}}],"collection":[{"href":"https:\/\/solucionsolar.cl\/solar\/wp-json\/wp\/v2\/product"}],"about":[{"href":"https:\/\/solucionsolar.cl\/solar\/wp-json\/wp\/v2\/types\/product"}],"replies":[{"embeddable":true,"href":"https:\/\/solucionsolar.cl\/solar\/wp-json\/wp\/v2\/comments?post=1770"}],"wp:featuredmedia":[{"embeddable":true,"href":"https:\/\/solucionsolar.cl\/solar\/wp-json\/wp\/v2\/media\/1769"}],"wp:attachment":[{"href":"https:\/\/solucionsolar.cl\/solar\/wp-json\/wp\/v2\/media?parent=1770"}],"wp:term":[{"taxonomy":"product_brand","embeddable":true,"href":"https:\/\/solucionsolar.cl\/solar\/wp-json\/wp\/v2\/product_brand?post=1770"},{"taxonomy":"product_cat","embeddable":true,"href":"https:\/\/solucionsolar.cl\/solar\/wp-json\/wp\/v2\/product_cat?post=1770"},{"taxonomy":"product_tag","embeddable":true,"href":"https:\/\/solucionsolar.cl\/solar\/wp-json\/wp\/v2\/product_tag?post=1770"}],"curies":[{"name":"wp","href":"https:\/\/api.w.org\/{rel}","templated":true}]}}