{"id":1776,"date":"2023-05-15T22:59:48","date_gmt":"2023-05-15T22:59:48","guid":{"rendered":"https:\/\/solucionsolar.cl\/solar\/producto\/guardamotor-063-1a-100ka-ekoline\/"},"modified":"2023-05-15T22:59:48","modified_gmt":"2023-05-15T22:59:48","slug":"guardamotor-063-1a-100ka-ekoline","status":"publish","type":"product","link":"https:\/\/solucionsolar.cl\/solar\/producto\/guardamotor-063-1a-100ka-ekoline\/","title":{"rendered":"Guardamotor 0,63-1A 100KA EKOLINE"},"content":{"rendered":"<p>El guardamotor EKOLINE de 0,63-1A y 100KA es un dispositivo de protecci\u00f3n electromec\u00e1nico utilizado en sistemas el\u00e9ctricos para proteger motores el\u00e9ctricos de corriente alterna contra sobrecargas y cortocircuitos.<\/p>\n","protected":false},"excerpt":{"rendered":"<p>El guardamotor EKOLINE de 0,63-1A y 100KA es un dispositivo de protecci\u00f3n electromec\u00e1nico utilizado en sistemas el\u00e9ctricos para proteger motores el\u00e9ctricos de corriente alterna contra sobrecargas y cortocircuitos.<\/p>\n","protected":false},"featured_media":1775,"comment_status":"open","ping_status":"closed","template":"","meta":{"_joinchat":[]},"product_brand":[],"product_cat":[16],"product_tag":[],"class_list":{"0":"post-1776","1":"product","2":"type-product","3":"status-publish","4":"has-post-thumbnail","6":"product_cat-electricidad","8":"first","9":"instock","10":"shipping-taxable","11":"purchasable","12":"product-type-simple"},"ams_default_variation_id":0,"ams_product_points_reward":[],"ams_product_discount_percentage":0,"ams_price_to_display":34000,"ams_acf":[],"jetpack_sharing_enabled":true,"_links":{"self":[{"href":"https:\/\/solucionsolar.cl\/solar\/wp-json\/wp\/v2\/product\/1776","targetHints":{"allow":["GET"]}}],"collection":[{"href":"https:\/\/solucionsolar.cl\/solar\/wp-json\/wp\/v2\/product"}],"about":[{"href":"https:\/\/solucionsolar.cl\/solar\/wp-json\/wp\/v2\/types\/product"}],"replies":[{"embeddable":true,"href":"https:\/\/solucionsolar.cl\/solar\/wp-json\/wp\/v2\/comments?post=1776"}],"wp:featuredmedia":[{"embeddable":true,"href":"https:\/\/solucionsolar.cl\/solar\/wp-json\/wp\/v2\/media\/1775"}],"wp:attachment":[{"href":"https:\/\/solucionsolar.cl\/solar\/wp-json\/wp\/v2\/media?parent=1776"}],"wp:term":[{"taxonomy":"product_brand","embeddable":true,"href":"https:\/\/solucionsolar.cl\/solar\/wp-json\/wp\/v2\/product_brand?post=1776"},{"taxonomy":"product_cat","embeddable":true,"href":"https:\/\/solucionsolar.cl\/solar\/wp-json\/wp\/v2\/product_cat?post=1776"},{"taxonomy":"product_tag","embeddable":true,"href":"https:\/\/solucionsolar.cl\/solar\/wp-json\/wp\/v2\/product_tag?post=1776"}],"curies":[{"name":"wp","href":"https:\/\/api.w.org\/{rel}","templated":true}]}}