{"id":1780,"date":"2023-05-15T22:59:56","date_gmt":"2023-05-15T22:59:56","guid":{"rendered":"https:\/\/solucionsolar.cl\/solar\/producto\/inversor-phoenix-12v-250va-victron\/"},"modified":"2023-05-15T22:59:56","modified_gmt":"2023-05-15T22:59:56","slug":"inversor-phoenix-12v-250va-victron","status":"publish","type":"product","link":"https:\/\/solucionsolar.cl\/solar\/producto\/inversor-phoenix-12v-250va-victron\/","title":{"rendered":"Inversor Phoenix 12V 250VA VICTRON"},"content":{"rendered":"<p>El inversor Phoenix 12V 250VA de Victron es un dispositivo electr\u00f3nico que convierte la energ\u00eda de corriente continua (DC) de una bater\u00eda de 12V en corriente alterna (AC) de 230V, con una potencia m\u00e1xima de salida de 250VA. El inversor cuenta con un dise\u00f1o robusto y eficiente, con tecnolog\u00eda de onda sinusoidal pura que garantiza una calidad de energ\u00eda de salida \u00f3ptima.<\/p>\n","protected":false},"excerpt":{"rendered":"<p>El inversor Phoenix 12V 250VA de Victron es un dispositivo electr\u00f3nico que convierte la energ\u00eda de corriente continua (DC) de una bater\u00eda de 12V en corriente alterna (AC) de 230V, con una potencia m\u00e1xima de salida de 250VA. El inversor cuenta con un dise\u00f1o robusto y eficiente, con tecnolog\u00eda de onda sinusoidal pura que garantiza una calidad de energ\u00eda de [&hellip;]<\/p>\n","protected":false},"featured_media":1779,"comment_status":"open","ping_status":"closed","template":"","meta":{"_joinchat":[]},"product_brand":[],"product_cat":[16],"product_tag":[],"class_list":{"0":"post-1780","1":"product","2":"type-product","3":"status-publish","4":"has-post-thumbnail","6":"product_cat-electricidad","8":"first","9":"instock","10":"shipping-taxable","11":"purchasable","12":"product-type-simple"},"ams_default_variation_id":0,"ams_product_points_reward":[],"ams_product_discount_percentage":0,"ams_price_to_display":115000,"ams_acf":[],"jetpack_sharing_enabled":true,"_links":{"self":[{"href":"https:\/\/solucionsolar.cl\/solar\/wp-json\/wp\/v2\/product\/1780","targetHints":{"allow":["GET"]}}],"collection":[{"href":"https:\/\/solucionsolar.cl\/solar\/wp-json\/wp\/v2\/product"}],"about":[{"href":"https:\/\/solucionsolar.cl\/solar\/wp-json\/wp\/v2\/types\/product"}],"replies":[{"embeddable":true,"href":"https:\/\/solucionsolar.cl\/solar\/wp-json\/wp\/v2\/comments?post=1780"}],"wp:featuredmedia":[{"embeddable":true,"href":"https:\/\/solucionsolar.cl\/solar\/wp-json\/wp\/v2\/media\/1779"}],"wp:attachment":[{"href":"https:\/\/solucionsolar.cl\/solar\/wp-json\/wp\/v2\/media?parent=1780"}],"wp:term":[{"taxonomy":"product_brand","embeddable":true,"href":"https:\/\/solucionsolar.cl\/solar\/wp-json\/wp\/v2\/product_brand?post=1780"},{"taxonomy":"product_cat","embeddable":true,"href":"https:\/\/solucionsolar.cl\/solar\/wp-json\/wp\/v2\/product_cat?post=1780"},{"taxonomy":"product_tag","embeddable":true,"href":"https:\/\/solucionsolar.cl\/solar\/wp-json\/wp\/v2\/product_tag?post=1780"}],"curies":[{"name":"wp","href":"https:\/\/api.w.org\/{rel}","templated":true}]}}