{"id":1782,"date":"2023-05-15T22:59:58","date_gmt":"2023-05-15T22:59:58","guid":{"rendered":"https:\/\/solucionsolar.cl\/solar\/producto\/conector-mc4-simple-5-pares\/"},"modified":"2023-05-15T22:59:58","modified_gmt":"2023-05-15T22:59:58","slug":"conector-mc4-simple-5-pares","status":"publish","type":"product","link":"https:\/\/solucionsolar.cl\/solar\/producto\/conector-mc4-simple-5-pares\/","title":{"rendered":"Conector MC4 simple, 5 pares"},"content":{"rendered":"<p>El conector MC4 simple de 5 pares es un tipo de conector el\u00e9ctrico utilizado com\u00fanmente en sistemas de energ\u00eda solar fotovoltaica. Est\u00e1 dise\u00f1ado para conectarse a cables solares de hasta 10 mm\u00b2 de secci\u00f3n transversal y consta de dos piezas: un enchufe macho y un enchufe hembra que se encajan entre s\u00ed.<\/p>\n","protected":false},"excerpt":{"rendered":"<p>El conector MC4 simple de 5 pares es un tipo de conector el\u00e9ctrico utilizado com\u00fanmente en sistemas de energ\u00eda solar fotovoltaica. Est\u00e1 dise\u00f1ado para conectarse a cables solares de hasta 10 mm\u00b2 de secci\u00f3n transversal y consta de dos piezas: un enchufe macho y un enchufe hembra que se encajan entre s\u00ed.<\/p>\n","protected":false},"featured_media":1781,"comment_status":"open","ping_status":"closed","template":"","meta":{"_joinchat":[]},"product_brand":[],"product_cat":[16],"product_tag":[],"class_list":{"0":"post-1782","1":"product","2":"type-product","3":"status-publish","4":"has-post-thumbnail","6":"product_cat-electricidad","8":"first","9":"instock","10":"shipping-taxable","11":"purchasable","12":"product-type-simple"},"ams_default_variation_id":0,"ams_product_points_reward":[],"ams_product_discount_percentage":0,"ams_price_to_display":12500,"ams_acf":[],"jetpack_sharing_enabled":true,"_links":{"self":[{"href":"https:\/\/solucionsolar.cl\/solar\/wp-json\/wp\/v2\/product\/1782","targetHints":{"allow":["GET"]}}],"collection":[{"href":"https:\/\/solucionsolar.cl\/solar\/wp-json\/wp\/v2\/product"}],"about":[{"href":"https:\/\/solucionsolar.cl\/solar\/wp-json\/wp\/v2\/types\/product"}],"replies":[{"embeddable":true,"href":"https:\/\/solucionsolar.cl\/solar\/wp-json\/wp\/v2\/comments?post=1782"}],"wp:featuredmedia":[{"embeddable":true,"href":"https:\/\/solucionsolar.cl\/solar\/wp-json\/wp\/v2\/media\/1781"}],"wp:attachment":[{"href":"https:\/\/solucionsolar.cl\/solar\/wp-json\/wp\/v2\/media?parent=1782"}],"wp:term":[{"taxonomy":"product_brand","embeddable":true,"href":"https:\/\/solucionsolar.cl\/solar\/wp-json\/wp\/v2\/product_brand?post=1782"},{"taxonomy":"product_cat","embeddable":true,"href":"https:\/\/solucionsolar.cl\/solar\/wp-json\/wp\/v2\/product_cat?post=1782"},{"taxonomy":"product_tag","embeddable":true,"href":"https:\/\/solucionsolar.cl\/solar\/wp-json\/wp\/v2\/product_tag?post=1782"}],"curies":[{"name":"wp","href":"https:\/\/api.w.org\/{rel}","templated":true}]}}