{"id":1787,"date":"2023-05-15T23:00:19","date_gmt":"2023-05-15T23:00:19","guid":{"rendered":"https:\/\/solucionsolar.cl\/solar\/producto\/cable-utp-cat5-aleacion-mt\/"},"modified":"2023-05-15T23:00:19","modified_gmt":"2023-05-15T23:00:19","slug":"cable-utp-cat5-aleacion-mt","status":"publish","type":"product","link":"https:\/\/solucionsolar.cl\/solar\/producto\/cable-utp-cat5-aleacion-mt\/","title":{"rendered":"Cable UTP Cat5 Aleaci\u00f3n (mt)"},"content":{"rendered":"<p>El Cable UTP Cat5 Aleaci\u00f3n (mt) es un cable de par trenzado sin blindaje (UTP) que cumple con el est\u00e1ndar de categor\u00eda 5 y est\u00e1 hecho de una aleaci\u00f3n de cobre que mejora su resistencia y durabilidad. Este cable es capaz de transmitir datos a velocidades de hasta 100 Mbps y se utiliza com\u00fanmente en redes de \u00e1rea local (LAN) para conectar dispositivos como computadoras, enrutadores y conmutadores.<\/p>\n","protected":false},"excerpt":{"rendered":"<p>El Cable UTP Cat5 Aleaci\u00f3n (mt) es un cable de par trenzado sin blindaje (UTP) que cumple con el est\u00e1ndar de categor\u00eda 5 y est\u00e1 hecho de una aleaci\u00f3n de cobre que mejora su resistencia y durabilidad. Este cable es capaz de transmitir datos a velocidades de hasta 100 Mbps y se utiliza com\u00fanmente en redes de \u00e1rea local (LAN) [&hellip;]<\/p>\n","protected":false},"featured_media":1786,"comment_status":"open","ping_status":"closed","template":"","meta":{"_joinchat":[]},"product_brand":[],"product_cat":[18,16],"product_tag":[],"class_list":{"0":"post-1787","1":"product","2":"type-product","3":"status-publish","4":"has-post-thumbnail","6":"product_cat-cables","7":"product_cat-electricidad","9":"first","10":"instock","11":"shipping-taxable","12":"purchasable","13":"product-type-simple"},"ams_default_variation_id":0,"ams_product_points_reward":[],"ams_product_discount_percentage":0,"ams_price_to_display":150,"ams_acf":[],"jetpack_sharing_enabled":true,"_links":{"self":[{"href":"https:\/\/solucionsolar.cl\/solar\/wp-json\/wp\/v2\/product\/1787","targetHints":{"allow":["GET"]}}],"collection":[{"href":"https:\/\/solucionsolar.cl\/solar\/wp-json\/wp\/v2\/product"}],"about":[{"href":"https:\/\/solucionsolar.cl\/solar\/wp-json\/wp\/v2\/types\/product"}],"replies":[{"embeddable":true,"href":"https:\/\/solucionsolar.cl\/solar\/wp-json\/wp\/v2\/comments?post=1787"}],"wp:featuredmedia":[{"embeddable":true,"href":"https:\/\/solucionsolar.cl\/solar\/wp-json\/wp\/v2\/media\/1786"}],"wp:attachment":[{"href":"https:\/\/solucionsolar.cl\/solar\/wp-json\/wp\/v2\/media?parent=1787"}],"wp:term":[{"taxonomy":"product_brand","embeddable":true,"href":"https:\/\/solucionsolar.cl\/solar\/wp-json\/wp\/v2\/product_brand?post=1787"},{"taxonomy":"product_cat","embeddable":true,"href":"https:\/\/solucionsolar.cl\/solar\/wp-json\/wp\/v2\/product_cat?post=1787"},{"taxonomy":"product_tag","embeddable":true,"href":"https:\/\/solucionsolar.cl\/solar\/wp-json\/wp\/v2\/product_tag?post=1787"}],"curies":[{"name":"wp","href":"https:\/\/api.w.org\/{rel}","templated":true}]}}