{"id":1791,"date":"2023-05-15T23:00:26","date_gmt":"2023-05-15T23:00:26","guid":{"rendered":"https:\/\/solucionsolar.cl\/solar\/producto\/cable-rv-k-1kv-3x15mm-negro-100mt\/"},"modified":"2023-05-15T23:00:26","modified_gmt":"2023-05-15T23:00:26","slug":"cable-rv-k-1kv-3x15mm-negro-100mt","status":"publish","type":"product","link":"https:\/\/solucionsolar.cl\/solar\/producto\/cable-rv-k-1kv-3x15mm-negro-100mt\/","title":{"rendered":"Cable RV-K 1KV 3&#215;1,5mm Negro 100mt"},"content":{"rendered":"<p>El cable RV-K 1KV 3&#215;1,5mm Negro 100mt es un cable el\u00e9ctrico de baja tensi\u00f3n que consta de tres conductores de cobre con secci\u00f3n transversal de 1,5mm\u00b2 cada uno, recubiertos por un aislante de PVC negro. Este cable es capaz de soportar hasta 1000V de tensi\u00f3n y es adecuado para su uso en instalaciones el\u00e9ctricas de baja tensi\u00f3n en interiores y exteriores.<\/p>\n","protected":false},"excerpt":{"rendered":"<p>El cable RV-K 1KV 3&#215;1,5mm Negro 100mt es un cable el\u00e9ctrico de baja tensi\u00f3n que consta de tres conductores de cobre con secci\u00f3n transversal de 1,5mm\u00b2 cada uno, recubiertos por un aislante de PVC negro. Este cable es capaz de soportar hasta 1000V de tensi\u00f3n y es adecuado para su uso en instalaciones el\u00e9ctricas de baja tensi\u00f3n en interiores y [&hellip;]<\/p>\n","protected":false},"featured_media":1790,"comment_status":"open","ping_status":"closed","template":"","meta":{"_joinchat":[]},"product_brand":[],"product_cat":[18,16],"product_tag":[],"class_list":{"0":"post-1791","1":"product","2":"type-product","3":"status-publish","4":"has-post-thumbnail","6":"product_cat-cables","7":"product_cat-electricidad","9":"first","10":"instock","11":"shipping-taxable","12":"purchasable","13":"product-type-simple"},"ams_default_variation_id":0,"ams_product_points_reward":[],"ams_product_discount_percentage":0,"ams_price_to_display":120000,"ams_acf":[],"jetpack_sharing_enabled":true,"_links":{"self":[{"href":"https:\/\/solucionsolar.cl\/solar\/wp-json\/wp\/v2\/product\/1791","targetHints":{"allow":["GET"]}}],"collection":[{"href":"https:\/\/solucionsolar.cl\/solar\/wp-json\/wp\/v2\/product"}],"about":[{"href":"https:\/\/solucionsolar.cl\/solar\/wp-json\/wp\/v2\/types\/product"}],"replies":[{"embeddable":true,"href":"https:\/\/solucionsolar.cl\/solar\/wp-json\/wp\/v2\/comments?post=1791"}],"wp:featuredmedia":[{"embeddable":true,"href":"https:\/\/solucionsolar.cl\/solar\/wp-json\/wp\/v2\/media\/1790"}],"wp:attachment":[{"href":"https:\/\/solucionsolar.cl\/solar\/wp-json\/wp\/v2\/media?parent=1791"}],"wp:term":[{"taxonomy":"product_brand","embeddable":true,"href":"https:\/\/solucionsolar.cl\/solar\/wp-json\/wp\/v2\/product_brand?post=1791"},{"taxonomy":"product_cat","embeddable":true,"href":"https:\/\/solucionsolar.cl\/solar\/wp-json\/wp\/v2\/product_cat?post=1791"},{"taxonomy":"product_tag","embeddable":true,"href":"https:\/\/solucionsolar.cl\/solar\/wp-json\/wp\/v2\/product_tag?post=1791"}],"curies":[{"name":"wp","href":"https:\/\/api.w.org\/{rel}","templated":true}]}}