{"id":181,"date":"2023-05-13T22:23:16","date_gmt":"2023-05-13T22:23:16","guid":{"rendered":"https:\/\/solucionsolar.cl\/solar\/producto\/serrucho-de-poda-plegable-12-bellota\/"},"modified":"2023-05-13T22:23:16","modified_gmt":"2023-05-13T22:23:16","slug":"serrucho-de-poda-plegable-12-bellota","status":"publish","type":"product","link":"https:\/\/solucionsolar.cl\/solar\/producto\/serrucho-de-poda-plegable-12-bellota\/","title":{"rendered":"Serrucho de poda plegable 12&#8243; BELLOTA"},"content":{"rendered":"<p>El serrucho de poda plegable de 12&#8243; BELLOTA es una herramienta de corte dise\u00f1ada para la poda de ramas de \u00e1rboles y arbustos. Su hoja de acero templado de alta calidad y afilado triple, con un tama\u00f1o de 12 pulgadas, es ideal para un corte limpio y preciso, con un m\u00ednimo esfuerzo. Adem\u00e1s, cuenta con un sistema de plegado que permite guardar la hoja de forma segura y compacta, lo que lo convierte en un serrucho port\u00e1til y f\u00e1cil de transportar.<\/p>\n","protected":false},"excerpt":{"rendered":"<p>El serrucho de poda plegable de 12&#8243; BELLOTA es una herramienta de corte dise\u00f1ada para la poda de ramas de \u00e1rboles y arbustos. Su hoja de acero templado de alta calidad y afilado triple, con un tama\u00f1o de 12 pulgadas, es ideal para un corte limpio y preciso, con un m\u00ednimo esfuerzo. Adem\u00e1s, cuenta con un sistema de plegado que [&hellip;]<\/p>\n","protected":false},"featured_media":180,"comment_status":"open","ping_status":"closed","template":"","meta":{"_joinchat":[]},"product_brand":[],"product_cat":[23,29],"product_tag":[],"class_list":{"0":"post-181","1":"product","2":"type-product","3":"status-publish","4":"has-post-thumbnail","6":"product_cat-casa-y-jardin","7":"product_cat-herramientas","9":"first","10":"instock","11":"shipping-taxable","12":"purchasable","13":"product-type-simple"},"ams_default_variation_id":0,"ams_product_points_reward":[],"ams_product_discount_percentage":0,"ams_price_to_display":11500,"ams_acf":[],"jetpack_sharing_enabled":true,"_links":{"self":[{"href":"https:\/\/solucionsolar.cl\/solar\/wp-json\/wp\/v2\/product\/181","targetHints":{"allow":["GET"]}}],"collection":[{"href":"https:\/\/solucionsolar.cl\/solar\/wp-json\/wp\/v2\/product"}],"about":[{"href":"https:\/\/solucionsolar.cl\/solar\/wp-json\/wp\/v2\/types\/product"}],"replies":[{"embeddable":true,"href":"https:\/\/solucionsolar.cl\/solar\/wp-json\/wp\/v2\/comments?post=181"}],"wp:featuredmedia":[{"embeddable":true,"href":"https:\/\/solucionsolar.cl\/solar\/wp-json\/wp\/v2\/media\/180"}],"wp:attachment":[{"href":"https:\/\/solucionsolar.cl\/solar\/wp-json\/wp\/v2\/media?parent=181"}],"wp:term":[{"taxonomy":"product_brand","embeddable":true,"href":"https:\/\/solucionsolar.cl\/solar\/wp-json\/wp\/v2\/product_brand?post=181"},{"taxonomy":"product_cat","embeddable":true,"href":"https:\/\/solucionsolar.cl\/solar\/wp-json\/wp\/v2\/product_cat?post=181"},{"taxonomy":"product_tag","embeddable":true,"href":"https:\/\/solucionsolar.cl\/solar\/wp-json\/wp\/v2\/product_tag?post=181"}],"curies":[{"name":"wp","href":"https:\/\/api.w.org\/{rel}","templated":true}]}}