{"id":1813,"date":"2023-05-15T23:01:50","date_gmt":"2023-05-15T23:01:50","guid":{"rendered":"https:\/\/solucionsolar.cl\/solar\/producto\/toma-corriente-triple-10a-blanco-schneider\/"},"modified":"2023-05-15T23:01:50","modified_gmt":"2023-05-15T23:01:50","slug":"toma-corriente-triple-10a-blanco-schneider","status":"publish","type":"product","link":"https:\/\/solucionsolar.cl\/solar\/producto\/toma-corriente-triple-10a-blanco-schneider\/","title":{"rendered":"Toma corriente triple 10A Blanco SCHNEIDER"},"content":{"rendered":"<p>El tomacorriente triple 10A Blanco SCHNEIDER es un dispositivo el\u00e9ctrico dise\u00f1ado para permitir la conexi\u00f3n de hasta tres enchufes de corriente simult\u00e1neamente.<\/p>\n","protected":false},"excerpt":{"rendered":"<p>El tomacorriente triple 10A Blanco SCHNEIDER es un dispositivo el\u00e9ctrico dise\u00f1ado para permitir la conexi\u00f3n de hasta tres enchufes de corriente simult\u00e1neamente.<\/p>\n","protected":false},"featured_media":1812,"comment_status":"open","ping_status":"closed","template":"","meta":{"_joinchat":[]},"product_brand":[],"product_cat":[16],"product_tag":[],"class_list":{"0":"post-1813","1":"product","2":"type-product","3":"status-publish","4":"has-post-thumbnail","6":"product_cat-electricidad","8":"first","9":"instock","10":"shipping-taxable","11":"purchasable","12":"product-type-simple"},"ams_default_variation_id":0,"ams_product_points_reward":[],"ams_product_discount_percentage":0,"ams_price_to_display":3900,"ams_acf":[],"jetpack_sharing_enabled":true,"_links":{"self":[{"href":"https:\/\/solucionsolar.cl\/solar\/wp-json\/wp\/v2\/product\/1813","targetHints":{"allow":["GET"]}}],"collection":[{"href":"https:\/\/solucionsolar.cl\/solar\/wp-json\/wp\/v2\/product"}],"about":[{"href":"https:\/\/solucionsolar.cl\/solar\/wp-json\/wp\/v2\/types\/product"}],"replies":[{"embeddable":true,"href":"https:\/\/solucionsolar.cl\/solar\/wp-json\/wp\/v2\/comments?post=1813"}],"wp:featuredmedia":[{"embeddable":true,"href":"https:\/\/solucionsolar.cl\/solar\/wp-json\/wp\/v2\/media\/1812"}],"wp:attachment":[{"href":"https:\/\/solucionsolar.cl\/solar\/wp-json\/wp\/v2\/media?parent=1813"}],"wp:term":[{"taxonomy":"product_brand","embeddable":true,"href":"https:\/\/solucionsolar.cl\/solar\/wp-json\/wp\/v2\/product_brand?post=1813"},{"taxonomy":"product_cat","embeddable":true,"href":"https:\/\/solucionsolar.cl\/solar\/wp-json\/wp\/v2\/product_cat?post=1813"},{"taxonomy":"product_tag","embeddable":true,"href":"https:\/\/solucionsolar.cl\/solar\/wp-json\/wp\/v2\/product_tag?post=1813"}],"curies":[{"name":"wp","href":"https:\/\/api.w.org\/{rel}","templated":true}]}}