{"id":1815,"date":"2023-05-15T23:01:53","date_gmt":"2023-05-15T23:01:53","guid":{"rendered":"https:\/\/solucionsolar.cl\/solar\/producto\/enchufe-macho-sobrepuesto-32a-90o-3pnt-rojo-ip44-gewiss\/"},"modified":"2023-05-15T23:01:53","modified_gmt":"2023-05-15T23:01:53","slug":"enchufe-macho-sobrepuesto-32a-90o-3pnt-rojo-ip44-gewiss","status":"publish","type":"product","link":"https:\/\/solucionsolar.cl\/solar\/producto\/enchufe-macho-sobrepuesto-32a-90o-3pnt-rojo-ip44-gewiss\/","title":{"rendered":"Enchufe macho sobrepuesto 32A 90\u00ba 3P+N+T Rojo IP44 GEWISS"},"content":{"rendered":"<p>El enchufe macho sobrepuesto GEWISS de 32 amperios, 90 grados, 3 polos + neutro + tierra, con grado de protecci\u00f3n IP44 (protecci\u00f3n contra salpicaduras de agua y polvo), tiene un dise\u00f1o en color rojo y es apto para aplicaciones industriales y comerciales exigentes. El enchufe est\u00e1 dise\u00f1ado para ser resistente y duradero, y cuenta con un mecanismo de bloqueo seguro y f\u00e1cil de usar para asegurar una conexi\u00f3n el\u00e9ctrica confiable.<\/p>\n","protected":false},"excerpt":{"rendered":"<p>El enchufe macho sobrepuesto GEWISS de 32 amperios, 90 grados, 3 polos + neutro + tierra, con grado de protecci\u00f3n IP44 (protecci\u00f3n contra salpicaduras de agua y polvo), tiene un dise\u00f1o en color rojo y es apto para aplicaciones industriales y comerciales exigentes. El enchufe est\u00e1 dise\u00f1ado para ser resistente y duradero, y cuenta con un mecanismo de bloqueo seguro [&hellip;]<\/p>\n","protected":false},"featured_media":1814,"comment_status":"open","ping_status":"closed","template":"","meta":{"_joinchat":[]},"product_brand":[],"product_cat":[16],"product_tag":[],"class_list":{"0":"post-1815","1":"product","2":"type-product","3":"status-publish","4":"has-post-thumbnail","6":"product_cat-electricidad","8":"first","9":"instock","10":"shipping-taxable","11":"purchasable","12":"product-type-simple"},"ams_default_variation_id":0,"ams_product_points_reward":[],"ams_product_discount_percentage":0,"ams_price_to_display":12300,"ams_acf":[],"jetpack_sharing_enabled":true,"_links":{"self":[{"href":"https:\/\/solucionsolar.cl\/solar\/wp-json\/wp\/v2\/product\/1815","targetHints":{"allow":["GET"]}}],"collection":[{"href":"https:\/\/solucionsolar.cl\/solar\/wp-json\/wp\/v2\/product"}],"about":[{"href":"https:\/\/solucionsolar.cl\/solar\/wp-json\/wp\/v2\/types\/product"}],"replies":[{"embeddable":true,"href":"https:\/\/solucionsolar.cl\/solar\/wp-json\/wp\/v2\/comments?post=1815"}],"wp:featuredmedia":[{"embeddable":true,"href":"https:\/\/solucionsolar.cl\/solar\/wp-json\/wp\/v2\/media\/1814"}],"wp:attachment":[{"href":"https:\/\/solucionsolar.cl\/solar\/wp-json\/wp\/v2\/media?parent=1815"}],"wp:term":[{"taxonomy":"product_brand","embeddable":true,"href":"https:\/\/solucionsolar.cl\/solar\/wp-json\/wp\/v2\/product_brand?post=1815"},{"taxonomy":"product_cat","embeddable":true,"href":"https:\/\/solucionsolar.cl\/solar\/wp-json\/wp\/v2\/product_cat?post=1815"},{"taxonomy":"product_tag","embeddable":true,"href":"https:\/\/solucionsolar.cl\/solar\/wp-json\/wp\/v2\/product_tag?post=1815"}],"curies":[{"name":"wp","href":"https:\/\/api.w.org\/{rel}","templated":true}]}}