{"id":1817,"date":"2023-05-15T23:01:56","date_gmt":"2023-05-15T23:01:56","guid":{"rendered":"https:\/\/solucionsolar.cl\/solar\/producto\/automatico-1x30a-b-saime\/"},"modified":"2023-05-15T23:01:56","modified_gmt":"2023-05-15T23:01:56","slug":"automatico-1x30a-b-saime","status":"publish","type":"product","link":"https:\/\/solucionsolar.cl\/solar\/producto\/automatico-1x30a-b-saime\/","title":{"rendered":"Autom\u00e1tico 1x30A B SAIME"},"content":{"rendered":"<p>Autom\u00e1tico 1x30A B SAIME es un dispositivo de protecci\u00f3n el\u00e9ctrica que tiene una capacidad de 30 amperios y funciona de manera autom\u00e1tica para interrumpir el flujo de corriente en caso de una sobrecarga o cortocircuito. Est\u00e1 dise\u00f1ado para ser montado en un panel el\u00e9ctrico y cuenta con una palanca de operaci\u00f3n manual para su restablecimiento una vez que se ha solucionado el problema el\u00e9ctrico.<\/p>\n","protected":false},"excerpt":{"rendered":"<p>Autom\u00e1tico 1x30A B SAIME es un dispositivo de protecci\u00f3n el\u00e9ctrica que tiene una capacidad de 30 amperios y funciona de manera autom\u00e1tica para interrumpir el flujo de corriente en caso de una sobrecarga o cortocircuito. Est\u00e1 dise\u00f1ado para ser montado en un panel el\u00e9ctrico y cuenta con una palanca de operaci\u00f3n manual para su restablecimiento una vez que se ha [&hellip;]<\/p>\n","protected":false},"featured_media":1816,"comment_status":"open","ping_status":"closed","template":"","meta":{"_joinchat":[]},"product_brand":[],"product_cat":[39,16],"product_tag":[],"class_list":{"0":"post-1817","1":"product","2":"type-product","3":"status-publish","4":"has-post-thumbnail","6":"product_cat-automaticos","7":"product_cat-electricidad","9":"first","10":"instock","11":"shipping-taxable","12":"purchasable","13":"product-type-simple"},"ams_default_variation_id":0,"ams_product_points_reward":[],"ams_product_discount_percentage":0,"ams_price_to_display":8500,"ams_acf":[],"jetpack_sharing_enabled":true,"_links":{"self":[{"href":"https:\/\/solucionsolar.cl\/solar\/wp-json\/wp\/v2\/product\/1817","targetHints":{"allow":["GET"]}}],"collection":[{"href":"https:\/\/solucionsolar.cl\/solar\/wp-json\/wp\/v2\/product"}],"about":[{"href":"https:\/\/solucionsolar.cl\/solar\/wp-json\/wp\/v2\/types\/product"}],"replies":[{"embeddable":true,"href":"https:\/\/solucionsolar.cl\/solar\/wp-json\/wp\/v2\/comments?post=1817"}],"wp:featuredmedia":[{"embeddable":true,"href":"https:\/\/solucionsolar.cl\/solar\/wp-json\/wp\/v2\/media\/1816"}],"wp:attachment":[{"href":"https:\/\/solucionsolar.cl\/solar\/wp-json\/wp\/v2\/media?parent=1817"}],"wp:term":[{"taxonomy":"product_brand","embeddable":true,"href":"https:\/\/solucionsolar.cl\/solar\/wp-json\/wp\/v2\/product_brand?post=1817"},{"taxonomy":"product_cat","embeddable":true,"href":"https:\/\/solucionsolar.cl\/solar\/wp-json\/wp\/v2\/product_cat?post=1817"},{"taxonomy":"product_tag","embeddable":true,"href":"https:\/\/solucionsolar.cl\/solar\/wp-json\/wp\/v2\/product_tag?post=1817"}],"curies":[{"name":"wp","href":"https:\/\/api.w.org\/{rel}","templated":true}]}}