{"id":1819,"date":"2023-05-15T23:02:09","date_gmt":"2023-05-15T23:02:09","guid":{"rendered":"https:\/\/solucionsolar.cl\/solar\/producto\/enchufe-hembra-volante-industrial-3pnt-32a-rojo-ip44-54-gewiss\/"},"modified":"2023-05-15T23:02:09","modified_gmt":"2023-05-15T23:02:09","slug":"enchufe-hembra-volante-industrial-3pnt-32a-rojo-ip44-54-gewiss","status":"publish","type":"product","link":"https:\/\/solucionsolar.cl\/solar\/producto\/enchufe-hembra-volante-industrial-3pnt-32a-rojo-ip44-54-gewiss\/","title":{"rendered":"Enchufe hembra volante industrial 3P+N+T 32A Rojo IP44\/54 GEWISS"},"content":{"rendered":"<p>Los tecnopol\u00edmeros y el espesor utilizados en las partes hechas de material aislante, garantizan un elevado grado de resistencia mec\u00e1nica y contra agentes qu\u00edmicos. Todos los alveolos y los pines de las bases y clavijas IEC 309 HP son tratados superficialmente con n\u00edquel para garantizar una protecci\u00f3n total frente a la corrosi\u00f3n, oxidaci\u00f3n y abrasi\u00f3n. Todos los elementos met\u00e1licos externos de las clavijas y tomas de corriente IEC 309 HP son de acero inoxidable.<\/p>\n","protected":false},"excerpt":{"rendered":"<p>Los tecnopol\u00edmeros y el espesor utilizados en las partes hechas de material aislante, garantizan un elevado grado de resistencia mec\u00e1nica y contra agentes qu\u00edmicos. Todos los alveolos y los pines de las bases y clavijas IEC 309 HP son tratados superficialmente con n\u00edquel para garantizar una protecci\u00f3n total frente a la corrosi\u00f3n, oxidaci\u00f3n y abrasi\u00f3n. Todos los elementos met\u00e1licos externos [&hellip;]<\/p>\n","protected":false},"featured_media":1818,"comment_status":"open","ping_status":"closed","template":"","meta":{"_joinchat":[]},"product_brand":[],"product_cat":[16],"product_tag":[],"class_list":{"0":"post-1819","1":"product","2":"type-product","3":"status-publish","4":"has-post-thumbnail","6":"product_cat-electricidad","8":"first","9":"instock","10":"shipping-taxable","11":"purchasable","12":"product-type-simple"},"ams_default_variation_id":0,"ams_product_points_reward":[],"ams_product_discount_percentage":0,"ams_price_to_display":11800,"ams_acf":[],"jetpack_sharing_enabled":true,"_links":{"self":[{"href":"https:\/\/solucionsolar.cl\/solar\/wp-json\/wp\/v2\/product\/1819","targetHints":{"allow":["GET"]}}],"collection":[{"href":"https:\/\/solucionsolar.cl\/solar\/wp-json\/wp\/v2\/product"}],"about":[{"href":"https:\/\/solucionsolar.cl\/solar\/wp-json\/wp\/v2\/types\/product"}],"replies":[{"embeddable":true,"href":"https:\/\/solucionsolar.cl\/solar\/wp-json\/wp\/v2\/comments?post=1819"}],"wp:featuredmedia":[{"embeddable":true,"href":"https:\/\/solucionsolar.cl\/solar\/wp-json\/wp\/v2\/media\/1818"}],"wp:attachment":[{"href":"https:\/\/solucionsolar.cl\/solar\/wp-json\/wp\/v2\/media?parent=1819"}],"wp:term":[{"taxonomy":"product_brand","embeddable":true,"href":"https:\/\/solucionsolar.cl\/solar\/wp-json\/wp\/v2\/product_brand?post=1819"},{"taxonomy":"product_cat","embeddable":true,"href":"https:\/\/solucionsolar.cl\/solar\/wp-json\/wp\/v2\/product_cat?post=1819"},{"taxonomy":"product_tag","embeddable":true,"href":"https:\/\/solucionsolar.cl\/solar\/wp-json\/wp\/v2\/product_tag?post=1819"}],"curies":[{"name":"wp","href":"https:\/\/api.w.org\/{rel}","templated":true}]}}