{"id":183,"date":"2023-05-13T22:23:18","date_gmt":"2023-05-13T22:23:18","guid":{"rendered":"https:\/\/solucionsolar.cl\/solar\/producto\/z-tijeron-de-poda-26-forjado-bellota\/"},"modified":"2023-05-13T22:23:18","modified_gmt":"2023-05-13T22:23:18","slug":"z-tijeron-de-poda-26-forjado-bellota","status":"publish","type":"product","link":"https:\/\/solucionsolar.cl\/solar\/producto\/z-tijeron-de-poda-26-forjado-bellota\/","title":{"rendered":"z Tijer\u00f3n de poda 26&#8243; forjado BELLOTA"},"content":{"rendered":"<p>El tijer\u00f3n de poda de 26&#8243; forjado BELLOTA es una herramienta de corte dise\u00f1ada para la poda de ramas de \u00e1rboles y arbustos de gran tama\u00f1o.<\/p>\n","protected":false},"excerpt":{"rendered":"<p>El tijer\u00f3n de poda de 26&#8243; forjado BELLOTA es una herramienta de corte dise\u00f1ada para la poda de ramas de \u00e1rboles y arbustos de gran tama\u00f1o.<\/p>\n","protected":false},"featured_media":182,"comment_status":"open","ping_status":"closed","template":"","meta":{"_joinchat":[]},"product_brand":[],"product_cat":[23,29],"product_tag":[],"class_list":{"0":"post-183","1":"product","2":"type-product","3":"status-publish","4":"has-post-thumbnail","6":"product_cat-casa-y-jardin","7":"product_cat-herramientas","9":"first","10":"instock","11":"shipping-taxable","12":"purchasable","13":"product-type-simple"},"ams_default_variation_id":0,"ams_product_points_reward":[],"ams_product_discount_percentage":0,"ams_price_to_display":18900,"ams_acf":[],"jetpack_sharing_enabled":true,"_links":{"self":[{"href":"https:\/\/solucionsolar.cl\/solar\/wp-json\/wp\/v2\/product\/183","targetHints":{"allow":["GET"]}}],"collection":[{"href":"https:\/\/solucionsolar.cl\/solar\/wp-json\/wp\/v2\/product"}],"about":[{"href":"https:\/\/solucionsolar.cl\/solar\/wp-json\/wp\/v2\/types\/product"}],"replies":[{"embeddable":true,"href":"https:\/\/solucionsolar.cl\/solar\/wp-json\/wp\/v2\/comments?post=183"}],"wp:featuredmedia":[{"embeddable":true,"href":"https:\/\/solucionsolar.cl\/solar\/wp-json\/wp\/v2\/media\/182"}],"wp:attachment":[{"href":"https:\/\/solucionsolar.cl\/solar\/wp-json\/wp\/v2\/media?parent=183"}],"wp:term":[{"taxonomy":"product_brand","embeddable":true,"href":"https:\/\/solucionsolar.cl\/solar\/wp-json\/wp\/v2\/product_brand?post=183"},{"taxonomy":"product_cat","embeddable":true,"href":"https:\/\/solucionsolar.cl\/solar\/wp-json\/wp\/v2\/product_cat?post=183"},{"taxonomy":"product_tag","embeddable":true,"href":"https:\/\/solucionsolar.cl\/solar\/wp-json\/wp\/v2\/product_tag?post=183"}],"curies":[{"name":"wp","href":"https:\/\/api.w.org\/{rel}","templated":true}]}}