{"id":1830,"date":"2023-05-15T23:02:36","date_gmt":"2023-05-15T23:02:36","guid":{"rendered":"https:\/\/solucionsolar.cl\/solar\/producto\/enchufe-hembra-sobrepuesta-32a-2pt-10-azul-gewiss\/"},"modified":"2023-05-15T23:02:36","modified_gmt":"2023-05-15T23:02:36","slug":"enchufe-hembra-sobrepuesta-32a-2pt-10-azul-gewiss","status":"publish","type":"product","link":"https:\/\/solucionsolar.cl\/solar\/producto\/enchufe-hembra-sobrepuesta-32a-2pt-10-azul-gewiss\/","title":{"rendered":"Enchufe Hembra sobrepuesta 32A 2P+T 10\u00b0 Azul GEWISS"},"content":{"rendered":"<p>\u00abEnchufe Hembra sobrepuesta 32A 2P+T 10\u00b0 Azul GEWISS\u00bb es un enchufe el\u00e9ctrico de alta corriente dise\u00f1ado para su uso en aplicaciones industriales y comerciales. Tiene una capacidad de carga m\u00e1xima de 32 amperios y es adecuado para la conexi\u00f3n de equipos el\u00e9ctricos de alta potencia. El enchufe tiene dos polos m\u00e1s un polo de tierra (2P+T) y est\u00e1 dise\u00f1ado para montarse en una caja sobrepuesta. Adem\u00e1s, cuenta con una orientaci\u00f3n de 10 grados que facilita su uso en espacios reducidos y una carcasa de color azul que lo identifica como un dispositivo de alta corriente. \u00abGEWISS\u00bb es el nombre de la marca del fabricante.<\/p>\n","protected":false},"excerpt":{"rendered":"<p>\u00abEnchufe Hembra sobrepuesta 32A 2P+T 10\u00b0 Azul GEWISS\u00bb es un enchufe el\u00e9ctrico de alta corriente dise\u00f1ado para su uso en aplicaciones industriales y comerciales. Tiene una capacidad de carga m\u00e1xima de 32 amperios y es adecuado para la conexi\u00f3n de equipos el\u00e9ctricos de alta potencia. El enchufe tiene dos polos m\u00e1s un polo de tierra (2P+T) y est\u00e1 dise\u00f1ado para [&hellip;]<\/p>\n","protected":false},"featured_media":1829,"comment_status":"open","ping_status":"closed","template":"","meta":{"_joinchat":[]},"product_brand":[],"product_cat":[16],"product_tag":[],"class_list":{"0":"post-1830","1":"product","2":"type-product","3":"status-publish","4":"has-post-thumbnail","6":"product_cat-electricidad","8":"first","9":"instock","10":"shipping-taxable","11":"purchasable","12":"product-type-simple"},"ams_default_variation_id":0,"ams_product_points_reward":[],"ams_product_discount_percentage":0,"ams_price_to_display":16800,"ams_acf":[],"jetpack_sharing_enabled":true,"_links":{"self":[{"href":"https:\/\/solucionsolar.cl\/solar\/wp-json\/wp\/v2\/product\/1830","targetHints":{"allow":["GET"]}}],"collection":[{"href":"https:\/\/solucionsolar.cl\/solar\/wp-json\/wp\/v2\/product"}],"about":[{"href":"https:\/\/solucionsolar.cl\/solar\/wp-json\/wp\/v2\/types\/product"}],"replies":[{"embeddable":true,"href":"https:\/\/solucionsolar.cl\/solar\/wp-json\/wp\/v2\/comments?post=1830"}],"wp:featuredmedia":[{"embeddable":true,"href":"https:\/\/solucionsolar.cl\/solar\/wp-json\/wp\/v2\/media\/1829"}],"wp:attachment":[{"href":"https:\/\/solucionsolar.cl\/solar\/wp-json\/wp\/v2\/media?parent=1830"}],"wp:term":[{"taxonomy":"product_brand","embeddable":true,"href":"https:\/\/solucionsolar.cl\/solar\/wp-json\/wp\/v2\/product_brand?post=1830"},{"taxonomy":"product_cat","embeddable":true,"href":"https:\/\/solucionsolar.cl\/solar\/wp-json\/wp\/v2\/product_cat?post=1830"},{"taxonomy":"product_tag","embeddable":true,"href":"https:\/\/solucionsolar.cl\/solar\/wp-json\/wp\/v2\/product_tag?post=1830"}],"curies":[{"name":"wp","href":"https:\/\/api.w.org\/{rel}","templated":true}]}}