{"id":1835,"date":"2023-05-15T23:02:55","date_gmt":"2023-05-15T23:02:55","guid":{"rendered":"https:\/\/solucionsolar.cl\/solar\/producto\/terminal-ojo-16-14awg-6-5mm-azul-100-un-bm\/"},"modified":"2023-05-15T23:02:55","modified_gmt":"2023-05-15T23:02:55","slug":"terminal-ojo-16-14awg-6-5mm-azul-100-un-bm","status":"publish","type":"product","link":"https:\/\/solucionsolar.cl\/solar\/producto\/terminal-ojo-16-14awg-6-5mm-azul-100-un-bm\/","title":{"rendered":"Terminal Ojo 16-14AWG (6.5mm) Azul 100 un BM"},"content":{"rendered":"<p>El Terminal Ojo 16-14AWG (6.5mm) Azul 100 un BM es un tipo de conector el\u00e9ctrico que se utiliza para conectar cables el\u00e9ctricos a dispositivos o equipos el\u00e9ctricos. Este terminal tiene un ojal en un extremo, lo que permite que se pueda fijar de forma segura a un tornillo o perno. Adem\u00e1s, est\u00e1 dise\u00f1ado para ser utilizado con cables de calibre 16-14AWG y viene en un paquete de 100 unidades de color azul.<\/p>\n","protected":false},"excerpt":{"rendered":"<p>El Terminal Ojo 16-14AWG (6.5mm) Azul 100 un BM es un tipo de conector el\u00e9ctrico que se utiliza para conectar cables el\u00e9ctricos a dispositivos o equipos el\u00e9ctricos. Este terminal tiene un ojal en un extremo, lo que permite que se pueda fijar de forma segura a un tornillo o perno. Adem\u00e1s, est\u00e1 dise\u00f1ado para ser utilizado con cables de calibre [&hellip;]<\/p>\n","protected":false},"featured_media":1748,"comment_status":"open","ping_status":"closed","template":"","meta":{"_joinchat":[]},"product_brand":[],"product_cat":[16],"product_tag":[],"class_list":{"0":"post-1835","1":"product","2":"type-product","3":"status-publish","4":"has-post-thumbnail","6":"product_cat-electricidad","8":"first","9":"instock","10":"shipping-taxable","11":"purchasable","12":"product-type-simple"},"ams_default_variation_id":0,"ams_product_points_reward":[],"ams_product_discount_percentage":0,"ams_price_to_display":8000,"ams_acf":[],"jetpack_sharing_enabled":true,"_links":{"self":[{"href":"https:\/\/solucionsolar.cl\/solar\/wp-json\/wp\/v2\/product\/1835","targetHints":{"allow":["GET"]}}],"collection":[{"href":"https:\/\/solucionsolar.cl\/solar\/wp-json\/wp\/v2\/product"}],"about":[{"href":"https:\/\/solucionsolar.cl\/solar\/wp-json\/wp\/v2\/types\/product"}],"replies":[{"embeddable":true,"href":"https:\/\/solucionsolar.cl\/solar\/wp-json\/wp\/v2\/comments?post=1835"}],"wp:featuredmedia":[{"embeddable":true,"href":"https:\/\/solucionsolar.cl\/solar\/wp-json\/wp\/v2\/media\/1748"}],"wp:attachment":[{"href":"https:\/\/solucionsolar.cl\/solar\/wp-json\/wp\/v2\/media?parent=1835"}],"wp:term":[{"taxonomy":"product_brand","embeddable":true,"href":"https:\/\/solucionsolar.cl\/solar\/wp-json\/wp\/v2\/product_brand?post=1835"},{"taxonomy":"product_cat","embeddable":true,"href":"https:\/\/solucionsolar.cl\/solar\/wp-json\/wp\/v2\/product_cat?post=1835"},{"taxonomy":"product_tag","embeddable":true,"href":"https:\/\/solucionsolar.cl\/solar\/wp-json\/wp\/v2\/product_tag?post=1835"}],"curies":[{"name":"wp","href":"https:\/\/api.w.org\/{rel}","templated":true}]}}