{"id":1843,"date":"2023-05-15T23:03:26","date_gmt":"2023-05-15T23:03:26","guid":{"rendered":"https:\/\/solucionsolar.cl\/solar\/producto\/enchufe-macho-volante-industrial-32a-2pt-220v-ip44-lexo\/"},"modified":"2023-05-15T23:03:26","modified_gmt":"2023-05-15T23:03:26","slug":"enchufe-macho-volante-industrial-32a-2pt-220v-ip44-lexo","status":"publish","type":"product","link":"https:\/\/solucionsolar.cl\/solar\/producto\/enchufe-macho-volante-industrial-32a-2pt-220v-ip44-lexo\/","title":{"rendered":"Enchufe macho volante industrial 32A 2P+T 220V IP44 LEXO"},"content":{"rendered":"<p>El Enchufe Macho Volante Industrial 32A 2P+T 220V IP44 LEXO es un conector el\u00e9ctrico de alta resistencia dise\u00f1ado para uso en ambientes industriales, cuenta con una capacidad de corriente de 32 amperios y est\u00e1 equipado con 2 polos y tierra (2P+T). Adem\u00e1s, tiene un \u00edndice de protecci\u00f3n IP44, lo que significa que es resistente al polvo y a la humedad.<\/p>\n","protected":false},"excerpt":{"rendered":"<p>El Enchufe Macho Volante Industrial 32A 2P+T 220V IP44 LEXO es un conector el\u00e9ctrico de alta resistencia dise\u00f1ado para uso en ambientes industriales, cuenta con una capacidad de corriente de 32 amperios y est\u00e1 equipado con 2 polos y tierra (2P+T). Adem\u00e1s, tiene un \u00edndice de protecci\u00f3n IP44, lo que significa que es resistente al polvo y a la humedad.<\/p>\n","protected":false},"featured_media":1842,"comment_status":"open","ping_status":"closed","template":"","meta":{"_joinchat":[]},"product_brand":[],"product_cat":[16],"product_tag":[],"class_list":{"0":"post-1843","1":"product","2":"type-product","3":"status-publish","4":"has-post-thumbnail","6":"product_cat-electricidad","8":"first","9":"instock","10":"shipping-taxable","11":"purchasable","12":"product-type-simple"},"ams_default_variation_id":0,"ams_product_points_reward":[],"ams_product_discount_percentage":0,"ams_price_to_display":3000,"ams_acf":[],"jetpack_sharing_enabled":true,"_links":{"self":[{"href":"https:\/\/solucionsolar.cl\/solar\/wp-json\/wp\/v2\/product\/1843","targetHints":{"allow":["GET"]}}],"collection":[{"href":"https:\/\/solucionsolar.cl\/solar\/wp-json\/wp\/v2\/product"}],"about":[{"href":"https:\/\/solucionsolar.cl\/solar\/wp-json\/wp\/v2\/types\/product"}],"replies":[{"embeddable":true,"href":"https:\/\/solucionsolar.cl\/solar\/wp-json\/wp\/v2\/comments?post=1843"}],"wp:featuredmedia":[{"embeddable":true,"href":"https:\/\/solucionsolar.cl\/solar\/wp-json\/wp\/v2\/media\/1842"}],"wp:attachment":[{"href":"https:\/\/solucionsolar.cl\/solar\/wp-json\/wp\/v2\/media?parent=1843"}],"wp:term":[{"taxonomy":"product_brand","embeddable":true,"href":"https:\/\/solucionsolar.cl\/solar\/wp-json\/wp\/v2\/product_brand?post=1843"},{"taxonomy":"product_cat","embeddable":true,"href":"https:\/\/solucionsolar.cl\/solar\/wp-json\/wp\/v2\/product_cat?post=1843"},{"taxonomy":"product_tag","embeddable":true,"href":"https:\/\/solucionsolar.cl\/solar\/wp-json\/wp\/v2\/product_tag?post=1843"}],"curies":[{"name":"wp","href":"https:\/\/api.w.org\/{rel}","templated":true}]}}