{"id":1845,"date":"2023-05-15T23:03:36","date_gmt":"2023-05-15T23:03:36","guid":{"rendered":"https:\/\/solucionsolar.cl\/solar\/producto\/automatico-dc-2p-550vdc-100a\/"},"modified":"2023-05-15T23:03:36","modified_gmt":"2023-05-15T23:03:36","slug":"automatico-dc-2p-550vdc-100a","status":"publish","type":"product","link":"https:\/\/solucionsolar.cl\/solar\/producto\/automatico-dc-2p-550vdc-100a\/","title":{"rendered":"Autom\u00e1tico DC 2P 550VDC 100A"},"content":{"rendered":"<p>Este dispositivo es un interruptor autom\u00e1tico de corriente continua (DC) con capacidad para manejar hasta 550 voltios y 100 amperios. Se utiliza com\u00fanmente en sistemas solares fotovoltaicos y otras aplicaciones de energ\u00eda renovable.<\/p>\n","protected":false},"excerpt":{"rendered":"<p>Este dispositivo es un interruptor autom\u00e1tico de corriente continua (DC) con capacidad para manejar hasta 550 voltios y 100 amperios. Se utiliza com\u00fanmente en sistemas solares fotovoltaicos y otras aplicaciones de energ\u00eda renovable.<\/p>\n","protected":false},"featured_media":1844,"comment_status":"open","ping_status":"closed","template":"","meta":{"_joinchat":[]},"product_brand":[],"product_cat":[39,16],"product_tag":[],"class_list":{"0":"post-1845","1":"product","2":"type-product","3":"status-publish","4":"has-post-thumbnail","6":"product_cat-automaticos","7":"product_cat-electricidad","9":"first","10":"instock","11":"shipping-taxable","12":"purchasable","13":"product-type-simple"},"ams_default_variation_id":0,"ams_product_points_reward":[],"ams_product_discount_percentage":0,"ams_price_to_display":25000,"ams_acf":[],"jetpack_sharing_enabled":true,"_links":{"self":[{"href":"https:\/\/solucionsolar.cl\/solar\/wp-json\/wp\/v2\/product\/1845","targetHints":{"allow":["GET"]}}],"collection":[{"href":"https:\/\/solucionsolar.cl\/solar\/wp-json\/wp\/v2\/product"}],"about":[{"href":"https:\/\/solucionsolar.cl\/solar\/wp-json\/wp\/v2\/types\/product"}],"replies":[{"embeddable":true,"href":"https:\/\/solucionsolar.cl\/solar\/wp-json\/wp\/v2\/comments?post=1845"}],"wp:featuredmedia":[{"embeddable":true,"href":"https:\/\/solucionsolar.cl\/solar\/wp-json\/wp\/v2\/media\/1844"}],"wp:attachment":[{"href":"https:\/\/solucionsolar.cl\/solar\/wp-json\/wp\/v2\/media?parent=1845"}],"wp:term":[{"taxonomy":"product_brand","embeddable":true,"href":"https:\/\/solucionsolar.cl\/solar\/wp-json\/wp\/v2\/product_brand?post=1845"},{"taxonomy":"product_cat","embeddable":true,"href":"https:\/\/solucionsolar.cl\/solar\/wp-json\/wp\/v2\/product_cat?post=1845"},{"taxonomy":"product_tag","embeddable":true,"href":"https:\/\/solucionsolar.cl\/solar\/wp-json\/wp\/v2\/product_tag?post=1845"}],"curies":[{"name":"wp","href":"https:\/\/api.w.org\/{rel}","templated":true}]}}