{"id":1849,"date":"2023-05-15T23:03:56","date_gmt":"2023-05-15T23:03:56","guid":{"rendered":"https:\/\/solucionsolar.cl\/solar\/producto\/automatico-1x6a-6k-c-legrand\/"},"modified":"2023-05-15T23:03:56","modified_gmt":"2023-05-15T23:03:56","slug":"automatico-1x6a-6k-c-legrand","status":"publish","type":"product","link":"https:\/\/solucionsolar.cl\/solar\/producto\/automatico-1x6a-6k-c-legrand\/","title":{"rendered":"Autom\u00e1tico 1x6A 6K C LEGRAND"},"content":{"rendered":"<p>El Autom\u00e1tico 1x6A 6K C LEGRAND es un interruptor autom\u00e1tico monopolar de 6 amperios de capacidad de ruptura de 6 kA. Es utilizado para proteger los circuitos el\u00e9ctricos y puede ser utilizado en aplicaciones residenciales, comerciales e industriales.<\/p>\n","protected":false},"excerpt":{"rendered":"<p>El Autom\u00e1tico 1x6A 6K C LEGRAND es un interruptor autom\u00e1tico monopolar de 6 amperios de capacidad de ruptura de 6 kA. Es utilizado para proteger los circuitos el\u00e9ctricos y puede ser utilizado en aplicaciones residenciales, comerciales e industriales.<\/p>\n","protected":false},"featured_media":1848,"comment_status":"open","ping_status":"closed","template":"","meta":{"_joinchat":[]},"product_brand":[],"product_cat":[39,16],"product_tag":[],"class_list":{"0":"post-1849","1":"product","2":"type-product","3":"status-publish","4":"has-post-thumbnail","6":"product_cat-automaticos","7":"product_cat-electricidad","9":"first","10":"instock","11":"shipping-taxable","12":"purchasable","13":"product-type-simple"},"ams_default_variation_id":0,"ams_product_points_reward":[],"ams_product_discount_percentage":0,"ams_price_to_display":3500,"ams_acf":[],"jetpack_sharing_enabled":true,"_links":{"self":[{"href":"https:\/\/solucionsolar.cl\/solar\/wp-json\/wp\/v2\/product\/1849","targetHints":{"allow":["GET"]}}],"collection":[{"href":"https:\/\/solucionsolar.cl\/solar\/wp-json\/wp\/v2\/product"}],"about":[{"href":"https:\/\/solucionsolar.cl\/solar\/wp-json\/wp\/v2\/types\/product"}],"replies":[{"embeddable":true,"href":"https:\/\/solucionsolar.cl\/solar\/wp-json\/wp\/v2\/comments?post=1849"}],"wp:featuredmedia":[{"embeddable":true,"href":"https:\/\/solucionsolar.cl\/solar\/wp-json\/wp\/v2\/media\/1848"}],"wp:attachment":[{"href":"https:\/\/solucionsolar.cl\/solar\/wp-json\/wp\/v2\/media?parent=1849"}],"wp:term":[{"taxonomy":"product_brand","embeddable":true,"href":"https:\/\/solucionsolar.cl\/solar\/wp-json\/wp\/v2\/product_brand?post=1849"},{"taxonomy":"product_cat","embeddable":true,"href":"https:\/\/solucionsolar.cl\/solar\/wp-json\/wp\/v2\/product_cat?post=1849"},{"taxonomy":"product_tag","embeddable":true,"href":"https:\/\/solucionsolar.cl\/solar\/wp-json\/wp\/v2\/product_tag?post=1849"}],"curies":[{"name":"wp","href":"https:\/\/api.w.org\/{rel}","templated":true}]}}