{"id":1851,"date":"2023-05-15T23:04:22","date_gmt":"2023-05-15T23:04:22","guid":{"rendered":"https:\/\/solucionsolar.cl\/solar\/producto\/controlador-de-carga-driver-lpli-12-24a-20a-epever\/"},"modified":"2023-05-15T23:04:22","modified_gmt":"2023-05-15T23:04:22","slug":"controlador-de-carga-driver-lpli-12-24a-20a-epever","status":"publish","type":"product","link":"https:\/\/solucionsolar.cl\/solar\/producto\/controlador-de-carga-driver-lpli-12-24a-20a-epever\/","title":{"rendered":"Controlador de carga &#8211; Driver LPLI 12\/24A 20A EPEVER"},"content":{"rendered":"<p>El Controlador de carga &#8211; Driver LPLI 12\/24A 20A EPEVER es un dispositivo electr\u00f3nico que se utiliza para regular la carga y descarga de bater\u00edas solares. Es capaz de controlar hasta 20 amperios de corriente de carga y es compatible con sistemas de 12V y 24V. El controlador incluye diversas funciones de protecci\u00f3n para garantizar la seguridad del sistema, como protecci\u00f3n contra sobrecarga, cortocircuitos y polaridad inversa. Adem\u00e1s, cuenta con una pantalla LED para monitorear el estado del sistema en tiempo real.<\/p>\n","protected":false},"excerpt":{"rendered":"<p>El Controlador de carga &#8211; Driver LPLI 12\/24A 20A EPEVER es un dispositivo electr\u00f3nico que se utiliza para regular la carga y descarga de bater\u00edas solares. Es capaz de controlar hasta 20 amperios de corriente de carga y es compatible con sistemas de 12V y 24V. El controlador incluye diversas funciones de protecci\u00f3n para garantizar la seguridad del sistema, como [&hellip;]<\/p>\n","protected":false},"featured_media":1850,"comment_status":"open","ping_status":"closed","template":"","meta":{"_joinchat":[]},"product_brand":[],"product_cat":[16],"product_tag":[],"class_list":{"0":"post-1851","1":"product","2":"type-product","3":"status-publish","4":"has-post-thumbnail","6":"product_cat-electricidad","8":"first","9":"instock","10":"shipping-taxable","11":"purchasable","12":"product-type-simple"},"ams_default_variation_id":0,"ams_product_points_reward":[],"ams_product_discount_percentage":0,"ams_price_to_display":25000,"ams_acf":[],"jetpack_sharing_enabled":true,"_links":{"self":[{"href":"https:\/\/solucionsolar.cl\/solar\/wp-json\/wp\/v2\/product\/1851","targetHints":{"allow":["GET"]}}],"collection":[{"href":"https:\/\/solucionsolar.cl\/solar\/wp-json\/wp\/v2\/product"}],"about":[{"href":"https:\/\/solucionsolar.cl\/solar\/wp-json\/wp\/v2\/types\/product"}],"replies":[{"embeddable":true,"href":"https:\/\/solucionsolar.cl\/solar\/wp-json\/wp\/v2\/comments?post=1851"}],"wp:featuredmedia":[{"embeddable":true,"href":"https:\/\/solucionsolar.cl\/solar\/wp-json\/wp\/v2\/media\/1850"}],"wp:attachment":[{"href":"https:\/\/solucionsolar.cl\/solar\/wp-json\/wp\/v2\/media?parent=1851"}],"wp:term":[{"taxonomy":"product_brand","embeddable":true,"href":"https:\/\/solucionsolar.cl\/solar\/wp-json\/wp\/v2\/product_brand?post=1851"},{"taxonomy":"product_cat","embeddable":true,"href":"https:\/\/solucionsolar.cl\/solar\/wp-json\/wp\/v2\/product_cat?post=1851"},{"taxonomy":"product_tag","embeddable":true,"href":"https:\/\/solucionsolar.cl\/solar\/wp-json\/wp\/v2\/product_tag?post=1851"}],"curies":[{"name":"wp","href":"https:\/\/api.w.org\/{rel}","templated":true}]}}