{"id":1853,"date":"2023-05-15T23:04:34","date_gmt":"2023-05-15T23:04:34","guid":{"rendered":"https:\/\/solucionsolar.cl\/solar\/producto\/enchufe-macho-volante-industrial-32a-2pt-azul-ip44-gewiss\/"},"modified":"2023-05-15T23:04:34","modified_gmt":"2023-05-15T23:04:34","slug":"enchufe-macho-volante-industrial-32a-2pt-azul-ip44-gewiss","status":"publish","type":"product","link":"https:\/\/solucionsolar.cl\/solar\/producto\/enchufe-macho-volante-industrial-32a-2pt-azul-ip44-gewiss\/","title":{"rendered":"Enchufe macho volante industrial 32A 2P+T  Azul IP44 GEWISS"},"content":{"rendered":"<p>El enchufe macho volante industrial 32A 2P+T Azul IP44 GEWISS es un conector el\u00e9ctrico dise\u00f1ado para conectar equipos y maquinarias en ambientes industriales, con una capacidad de corriente de 32 amperios y protecci\u00f3n contra salpicaduras de agua y polvo con grado de protecci\u00f3n IP44. Es un enchufe con dos polos m\u00e1s un polo de tierra (2P+T) y un dise\u00f1o azul distintivo de GEWISS.<\/p>\n","protected":false},"excerpt":{"rendered":"<p>El enchufe macho volante industrial 32A 2P+T Azul IP44 GEWISS es un conector el\u00e9ctrico dise\u00f1ado para conectar equipos y maquinarias en ambientes industriales, con una capacidad de corriente de 32 amperios y protecci\u00f3n contra salpicaduras de agua y polvo con grado de protecci\u00f3n IP44. Es un enchufe con dos polos m\u00e1s un polo de tierra (2P+T) y un dise\u00f1o azul [&hellip;]<\/p>\n","protected":false},"featured_media":1852,"comment_status":"open","ping_status":"closed","template":"","meta":{"_joinchat":[]},"product_brand":[],"product_cat":[16],"product_tag":[],"class_list":{"0":"post-1853","1":"product","2":"type-product","3":"status-publish","4":"has-post-thumbnail","6":"product_cat-electricidad","8":"first","9":"instock","10":"shipping-taxable","11":"purchasable","12":"product-type-simple"},"ams_default_variation_id":0,"ams_product_points_reward":[],"ams_product_discount_percentage":0,"ams_price_to_display":8800,"ams_acf":[],"jetpack_sharing_enabled":true,"_links":{"self":[{"href":"https:\/\/solucionsolar.cl\/solar\/wp-json\/wp\/v2\/product\/1853","targetHints":{"allow":["GET"]}}],"collection":[{"href":"https:\/\/solucionsolar.cl\/solar\/wp-json\/wp\/v2\/product"}],"about":[{"href":"https:\/\/solucionsolar.cl\/solar\/wp-json\/wp\/v2\/types\/product"}],"replies":[{"embeddable":true,"href":"https:\/\/solucionsolar.cl\/solar\/wp-json\/wp\/v2\/comments?post=1853"}],"wp:featuredmedia":[{"embeddable":true,"href":"https:\/\/solucionsolar.cl\/solar\/wp-json\/wp\/v2\/media\/1852"}],"wp:attachment":[{"href":"https:\/\/solucionsolar.cl\/solar\/wp-json\/wp\/v2\/media?parent=1853"}],"wp:term":[{"taxonomy":"product_brand","embeddable":true,"href":"https:\/\/solucionsolar.cl\/solar\/wp-json\/wp\/v2\/product_brand?post=1853"},{"taxonomy":"product_cat","embeddable":true,"href":"https:\/\/solucionsolar.cl\/solar\/wp-json\/wp\/v2\/product_cat?post=1853"},{"taxonomy":"product_tag","embeddable":true,"href":"https:\/\/solucionsolar.cl\/solar\/wp-json\/wp\/v2\/product_tag?post=1853"}],"curies":[{"name":"wp","href":"https:\/\/api.w.org\/{rel}","templated":true}]}}