{"id":1856,"date":"2023-05-15T23:04:41","date_gmt":"2023-05-15T23:04:41","guid":{"rendered":"https:\/\/solucionsolar.cl\/solar\/producto\/enchufe-macho-volante-industrial-32a-3pt-6h-rojo-ip44-gewiss\/"},"modified":"2023-05-15T23:04:41","modified_gmt":"2023-05-15T23:04:41","slug":"enchufe-macho-volante-industrial-32a-3pt-6h-rojo-ip44-gewiss","status":"publish","type":"product","link":"https:\/\/solucionsolar.cl\/solar\/producto\/enchufe-macho-volante-industrial-32a-3pt-6h-rojo-ip44-gewiss\/","title":{"rendered":"Enchufe macho volante industrial 32A 3P+T 6H Rojo IP44 GEWISS"},"content":{"rendered":"<p>Es un dispositivo el\u00e9ctrico dise\u00f1ado para conectar equipos y dispositivos el\u00e9ctricos a una fuente de alimentaci\u00f3n el\u00e9ctrica en entornos industriales y condiciones adversas.<\/p>\n","protected":false},"excerpt":{"rendered":"<p>Es un dispositivo el\u00e9ctrico dise\u00f1ado para conectar equipos y dispositivos el\u00e9ctricos a una fuente de alimentaci\u00f3n el\u00e9ctrica en entornos industriales y condiciones adversas.<\/p>\n","protected":false},"featured_media":1855,"comment_status":"open","ping_status":"closed","template":"","meta":{"_joinchat":[]},"product_brand":[],"product_cat":[16],"product_tag":[],"class_list":{"0":"post-1856","1":"product","2":"type-product","3":"status-publish","4":"has-post-thumbnail","6":"product_cat-electricidad","8":"first","9":"instock","10":"shipping-taxable","11":"purchasable","12":"product-type-simple"},"ams_default_variation_id":0,"ams_product_points_reward":[],"ams_product_discount_percentage":0,"ams_price_to_display":10200,"ams_acf":[],"jetpack_sharing_enabled":true,"_links":{"self":[{"href":"https:\/\/solucionsolar.cl\/solar\/wp-json\/wp\/v2\/product\/1856","targetHints":{"allow":["GET"]}}],"collection":[{"href":"https:\/\/solucionsolar.cl\/solar\/wp-json\/wp\/v2\/product"}],"about":[{"href":"https:\/\/solucionsolar.cl\/solar\/wp-json\/wp\/v2\/types\/product"}],"replies":[{"embeddable":true,"href":"https:\/\/solucionsolar.cl\/solar\/wp-json\/wp\/v2\/comments?post=1856"}],"wp:featuredmedia":[{"embeddable":true,"href":"https:\/\/solucionsolar.cl\/solar\/wp-json\/wp\/v2\/media\/1855"}],"wp:attachment":[{"href":"https:\/\/solucionsolar.cl\/solar\/wp-json\/wp\/v2\/media?parent=1856"}],"wp:term":[{"taxonomy":"product_brand","embeddable":true,"href":"https:\/\/solucionsolar.cl\/solar\/wp-json\/wp\/v2\/product_brand?post=1856"},{"taxonomy":"product_cat","embeddable":true,"href":"https:\/\/solucionsolar.cl\/solar\/wp-json\/wp\/v2\/product_cat?post=1856"},{"taxonomy":"product_tag","embeddable":true,"href":"https:\/\/solucionsolar.cl\/solar\/wp-json\/wp\/v2\/product_tag?post=1856"}],"curies":[{"name":"wp","href":"https:\/\/api.w.org\/{rel}","templated":true}]}}