{"id":1863,"date":"2023-05-15T23:05:59","date_gmt":"2023-05-15T23:05:59","guid":{"rendered":"https:\/\/solucionsolar.cl\/solar\/producto\/inversor-12v-500va-phoenix-230v-50hz-schuko-ve-direct-victron\/"},"modified":"2023-05-15T23:05:59","modified_gmt":"2023-05-15T23:05:59","slug":"inversor-12v-500va-phoenix-230v-50hz-schuko-ve-direct-victron","status":"publish","type":"product","link":"https:\/\/solucionsolar.cl\/solar\/producto\/inversor-12v-500va-phoenix-230v-50hz-schuko-ve-direct-victron\/","title":{"rendered":"Inversor 12V 500VA Phoenix 230V 50Hz Schuko VE.Direct VICTRON"},"content":{"rendered":"<p>Es un dispositivo dise\u00f1ado para convertir la corriente continua de 12V en corriente alterna de 230V y 50Hz, con una potencia nominal de 500VA. Este inversor cuenta con una toma Schuko y se conecta directamente a la bater\u00eda del veh\u00edculo o a la bater\u00eda de una instalaci\u00f3n solar.<\/p>\n","protected":false},"excerpt":{"rendered":"<p>Es un dispositivo dise\u00f1ado para convertir la corriente continua de 12V en corriente alterna de 230V y 50Hz, con una potencia nominal de 500VA. Este inversor cuenta con una toma Schuko y se conecta directamente a la bater\u00eda del veh\u00edculo o a la bater\u00eda de una instalaci\u00f3n solar.<\/p>\n","protected":false},"featured_media":1862,"comment_status":"open","ping_status":"closed","template":"","meta":{"_joinchat":[]},"product_brand":[],"product_cat":[16],"product_tag":[],"class_list":{"0":"post-1863","1":"product","2":"type-product","3":"status-publish","4":"has-post-thumbnail","6":"product_cat-electricidad","8":"first","9":"instock","10":"shipping-taxable","11":"purchasable","12":"product-type-simple"},"ams_default_variation_id":0,"ams_product_points_reward":[],"ams_product_discount_percentage":0,"ams_price_to_display":189000,"ams_acf":[],"jetpack_sharing_enabled":true,"_links":{"self":[{"href":"https:\/\/solucionsolar.cl\/solar\/wp-json\/wp\/v2\/product\/1863","targetHints":{"allow":["GET"]}}],"collection":[{"href":"https:\/\/solucionsolar.cl\/solar\/wp-json\/wp\/v2\/product"}],"about":[{"href":"https:\/\/solucionsolar.cl\/solar\/wp-json\/wp\/v2\/types\/product"}],"replies":[{"embeddable":true,"href":"https:\/\/solucionsolar.cl\/solar\/wp-json\/wp\/v2\/comments?post=1863"}],"wp:featuredmedia":[{"embeddable":true,"href":"https:\/\/solucionsolar.cl\/solar\/wp-json\/wp\/v2\/media\/1862"}],"wp:attachment":[{"href":"https:\/\/solucionsolar.cl\/solar\/wp-json\/wp\/v2\/media?parent=1863"}],"wp:term":[{"taxonomy":"product_brand","embeddable":true,"href":"https:\/\/solucionsolar.cl\/solar\/wp-json\/wp\/v2\/product_brand?post=1863"},{"taxonomy":"product_cat","embeddable":true,"href":"https:\/\/solucionsolar.cl\/solar\/wp-json\/wp\/v2\/product_cat?post=1863"},{"taxonomy":"product_tag","embeddable":true,"href":"https:\/\/solucionsolar.cl\/solar\/wp-json\/wp\/v2\/product_tag?post=1863"}],"curies":[{"name":"wp","href":"https:\/\/api.w.org\/{rel}","templated":true}]}}