{"id":1865,"date":"2023-05-15T23:06:41","date_gmt":"2023-05-15T23:06:41","guid":{"rendered":"https:\/\/solucionsolar.cl\/solar\/producto\/regulador-de-carga-bluesolar-mppt-100-50-12-24v-50a-100v-victron\/"},"modified":"2023-05-15T23:06:41","modified_gmt":"2023-05-15T23:06:41","slug":"regulador-de-carga-bluesolar-mppt-100-50-12-24v-50a-100v-victron","status":"publish","type":"product","link":"https:\/\/solucionsolar.cl\/solar\/producto\/regulador-de-carga-bluesolar-mppt-100-50-12-24v-50a-100v-victron\/","title":{"rendered":"Regulador de carga BlueSolar MPPT 100\/50 12\/24V-50A 100V VICTRON"},"content":{"rendered":"<p>Es un dispositivo de alta eficiencia que permite cargar bater\u00edas de 12 o 24 voltios desde paneles solares. Su tecnolog\u00eda MPPT (seguimiento del punto de m\u00e1xima potencia) aumenta la eficiencia de carga al ajustar la tensi\u00f3n y corriente de carga \u00f3ptimas para los paneles solares utilizados. Este regulador de carga tiene una corriente m\u00e1xima de carga de 50 amperios y puede manejar voltajes de panel solares de hasta 100 voltios. Adem\u00e1s, tiene una carcasa resistente a la intemperie y es adecuado para su uso en aplicaciones marinas y terrestres.<\/p>\n","protected":false},"excerpt":{"rendered":"<p>Es un dispositivo de alta eficiencia que permite cargar bater\u00edas de 12 o 24 voltios desde paneles solares. Su tecnolog\u00eda MPPT (seguimiento del punto de m\u00e1xima potencia) aumenta la eficiencia de carga al ajustar la tensi\u00f3n y corriente de carga \u00f3ptimas para los paneles solares utilizados. Este regulador de carga tiene una corriente m\u00e1xima de carga de 50 amperios y [&hellip;]<\/p>\n","protected":false},"featured_media":1864,"comment_status":"open","ping_status":"closed","template":"","meta":{"_joinchat":[]},"product_brand":[],"product_cat":[16],"product_tag":[],"class_list":{"0":"post-1865","1":"product","2":"type-product","3":"status-publish","4":"has-post-thumbnail","6":"product_cat-electricidad","8":"first","9":"instock","10":"shipping-taxable","11":"purchasable","12":"product-type-simple"},"ams_default_variation_id":0,"ams_product_points_reward":[],"ams_product_discount_percentage":0,"ams_price_to_display":279000,"ams_acf":[],"jetpack_sharing_enabled":true,"_links":{"self":[{"href":"https:\/\/solucionsolar.cl\/solar\/wp-json\/wp\/v2\/product\/1865","targetHints":{"allow":["GET"]}}],"collection":[{"href":"https:\/\/solucionsolar.cl\/solar\/wp-json\/wp\/v2\/product"}],"about":[{"href":"https:\/\/solucionsolar.cl\/solar\/wp-json\/wp\/v2\/types\/product"}],"replies":[{"embeddable":true,"href":"https:\/\/solucionsolar.cl\/solar\/wp-json\/wp\/v2\/comments?post=1865"}],"wp:featuredmedia":[{"embeddable":true,"href":"https:\/\/solucionsolar.cl\/solar\/wp-json\/wp\/v2\/media\/1864"}],"wp:attachment":[{"href":"https:\/\/solucionsolar.cl\/solar\/wp-json\/wp\/v2\/media?parent=1865"}],"wp:term":[{"taxonomy":"product_brand","embeddable":true,"href":"https:\/\/solucionsolar.cl\/solar\/wp-json\/wp\/v2\/product_brand?post=1865"},{"taxonomy":"product_cat","embeddable":true,"href":"https:\/\/solucionsolar.cl\/solar\/wp-json\/wp\/v2\/product_cat?post=1865"},{"taxonomy":"product_tag","embeddable":true,"href":"https:\/\/solucionsolar.cl\/solar\/wp-json\/wp\/v2\/product_tag?post=1865"}],"curies":[{"name":"wp","href":"https:\/\/api.w.org\/{rel}","templated":true}]}}