{"id":1869,"date":"2023-05-15T23:06:52","date_gmt":"2023-05-15T23:06:52","guid":{"rendered":"https:\/\/solucionsolar.cl\/solar\/producto\/enchufe-hembra-sobrepuesta-16a-3pt-10-rojo-gewiss\/"},"modified":"2023-05-15T23:06:52","modified_gmt":"2023-05-15T23:06:52","slug":"enchufe-hembra-sobrepuesta-16a-3pt-10-rojo-gewiss","status":"publish","type":"product","link":"https:\/\/solucionsolar.cl\/solar\/producto\/enchufe-hembra-sobrepuesta-16a-3pt-10-rojo-gewiss\/","title":{"rendered":"Enchufe Hembra sobrepuesta 16A 3P+T 10\u00b0 Rojo GEWISS"},"content":{"rendered":"<p>Es una toma de corriente industrial dise\u00f1ada para una conexi\u00f3n el\u00e9ctrica segura y eficiente. Este enchufe hembra cuenta con tres polos y una toma de tierra, lo que lo convierte en una opci\u00f3n adecuada para aplicaciones de alta potencia. El \u00e1ngulo de 10 grados ayuda a reducir el riesgo de da\u00f1o accidental y a facilitar el enchufado y desenchufado. Adem\u00e1s, la carcasa roja est\u00e1 dise\u00f1ada para una f\u00e1cil identificaci\u00f3n y una mayor seguridad.<\/p>\n","protected":false},"excerpt":{"rendered":"<p>Es una toma de corriente industrial dise\u00f1ada para una conexi\u00f3n el\u00e9ctrica segura y eficiente. Este enchufe hembra cuenta con tres polos y una toma de tierra, lo que lo convierte en una opci\u00f3n adecuada para aplicaciones de alta potencia. El \u00e1ngulo de 10 grados ayuda a reducir el riesgo de da\u00f1o accidental y a facilitar el enchufado y desenchufado. Adem\u00e1s, [&hellip;]<\/p>\n","protected":false},"featured_media":1868,"comment_status":"open","ping_status":"closed","template":"","meta":{"_joinchat":[]},"product_brand":[],"product_cat":[16],"product_tag":[],"class_list":{"0":"post-1869","1":"product","2":"type-product","3":"status-publish","4":"has-post-thumbnail","6":"product_cat-electricidad","8":"first","9":"instock","10":"shipping-taxable","11":"purchasable","12":"product-type-simple"},"ams_default_variation_id":0,"ams_product_points_reward":[],"ams_product_discount_percentage":0,"ams_price_to_display":11500,"ams_acf":[],"jetpack_sharing_enabled":true,"_links":{"self":[{"href":"https:\/\/solucionsolar.cl\/solar\/wp-json\/wp\/v2\/product\/1869","targetHints":{"allow":["GET"]}}],"collection":[{"href":"https:\/\/solucionsolar.cl\/solar\/wp-json\/wp\/v2\/product"}],"about":[{"href":"https:\/\/solucionsolar.cl\/solar\/wp-json\/wp\/v2\/types\/product"}],"replies":[{"embeddable":true,"href":"https:\/\/solucionsolar.cl\/solar\/wp-json\/wp\/v2\/comments?post=1869"}],"wp:featuredmedia":[{"embeddable":true,"href":"https:\/\/solucionsolar.cl\/solar\/wp-json\/wp\/v2\/media\/1868"}],"wp:attachment":[{"href":"https:\/\/solucionsolar.cl\/solar\/wp-json\/wp\/v2\/media?parent=1869"}],"wp:term":[{"taxonomy":"product_brand","embeddable":true,"href":"https:\/\/solucionsolar.cl\/solar\/wp-json\/wp\/v2\/product_brand?post=1869"},{"taxonomy":"product_cat","embeddable":true,"href":"https:\/\/solucionsolar.cl\/solar\/wp-json\/wp\/v2\/product_cat?post=1869"},{"taxonomy":"product_tag","embeddable":true,"href":"https:\/\/solucionsolar.cl\/solar\/wp-json\/wp\/v2\/product_tag?post=1869"}],"curies":[{"name":"wp","href":"https:\/\/api.w.org\/{rel}","templated":true}]}}