{"id":1873,"date":"2023-05-15T23:06:59","date_gmt":"2023-05-15T23:06:59","guid":{"rendered":"https:\/\/solucionsolar.cl\/solar\/producto\/automatico-1x2a-c-legrand\/"},"modified":"2023-05-15T23:06:59","modified_gmt":"2023-05-15T23:06:59","slug":"automatico-1x2a-c-legrand","status":"publish","type":"product","link":"https:\/\/solucionsolar.cl\/solar\/producto\/automatico-1x2a-c-legrand\/","title":{"rendered":"Autom\u00e1tico 1x2A C LEGRAND"},"content":{"rendered":"<p>Es un interruptor autom\u00e1tico unipolar con capacidad de corte de 6kA y curva de disparo C, lo que significa que est\u00e1 dise\u00f1ado para proteger circuitos el\u00e9ctricos de sobrecargas y cortocircuitos de corriente moderada. Tiene una capacidad de corriente nominal de 2 amperios y es compatible con instalaciones monof\u00e1sicas de 230V.<\/p>\n","protected":false},"excerpt":{"rendered":"<p>Es un interruptor autom\u00e1tico unipolar con capacidad de corte de 6kA y curva de disparo C, lo que significa que est\u00e1 dise\u00f1ado para proteger circuitos el\u00e9ctricos de sobrecargas y cortocircuitos de corriente moderada. Tiene una capacidad de corriente nominal de 2 amperios y es compatible con instalaciones monof\u00e1sicas de 230V.<\/p>\n","protected":false},"featured_media":1872,"comment_status":"open","ping_status":"closed","template":"","meta":{"_joinchat":[]},"product_brand":[],"product_cat":[39,16],"product_tag":[],"class_list":{"0":"post-1873","1":"product","2":"type-product","3":"status-publish","4":"has-post-thumbnail","6":"product_cat-automaticos","7":"product_cat-electricidad","9":"first","10":"instock","11":"shipping-taxable","12":"purchasable","13":"product-type-simple"},"ams_default_variation_id":0,"ams_product_points_reward":[],"ams_product_discount_percentage":0,"ams_price_to_display":8000,"ams_acf":[],"jetpack_sharing_enabled":true,"_links":{"self":[{"href":"https:\/\/solucionsolar.cl\/solar\/wp-json\/wp\/v2\/product\/1873","targetHints":{"allow":["GET"]}}],"collection":[{"href":"https:\/\/solucionsolar.cl\/solar\/wp-json\/wp\/v2\/product"}],"about":[{"href":"https:\/\/solucionsolar.cl\/solar\/wp-json\/wp\/v2\/types\/product"}],"replies":[{"embeddable":true,"href":"https:\/\/solucionsolar.cl\/solar\/wp-json\/wp\/v2\/comments?post=1873"}],"wp:featuredmedia":[{"embeddable":true,"href":"https:\/\/solucionsolar.cl\/solar\/wp-json\/wp\/v2\/media\/1872"}],"wp:attachment":[{"href":"https:\/\/solucionsolar.cl\/solar\/wp-json\/wp\/v2\/media?parent=1873"}],"wp:term":[{"taxonomy":"product_brand","embeddable":true,"href":"https:\/\/solucionsolar.cl\/solar\/wp-json\/wp\/v2\/product_brand?post=1873"},{"taxonomy":"product_cat","embeddable":true,"href":"https:\/\/solucionsolar.cl\/solar\/wp-json\/wp\/v2\/product_cat?post=1873"},{"taxonomy":"product_tag","embeddable":true,"href":"https:\/\/solucionsolar.cl\/solar\/wp-json\/wp\/v2\/product_tag?post=1873"}],"curies":[{"name":"wp","href":"https:\/\/api.w.org\/{rel}","templated":true}]}}