{"id":1877,"date":"2023-05-15T23:07:36","date_gmt":"2023-05-15T23:07:36","guid":{"rendered":"https:\/\/solucionsolar.cl\/solar\/producto\/casquete-sobrepuesto-ip20-toma-corriente-simple-10a-lexo\/"},"modified":"2023-05-15T23:07:36","modified_gmt":"2023-05-15T23:07:36","slug":"casquete-sobrepuesto-ip20-toma-corriente-simple-10a-lexo","status":"publish","type":"product","link":"https:\/\/solucionsolar.cl\/solar\/producto\/casquete-sobrepuesto-ip20-toma-corriente-simple-10a-lexo\/","title":{"rendered":"Casquete sobrepuesto IP20 Toma corriente simple 10A LEXO"},"content":{"rendered":"<p>El Casquete sobrepuesto IP20 Toma corriente simple 10A LEXO es un dispositivo el\u00e9ctrico dise\u00f1ado para proporcionar una conexi\u00f3n de corriente el\u00e9ctrica segura y confiable en un entorno dom\u00e9stico o comercial. Cuenta con una capacidad de corriente de hasta 10 amperios y cumple con los est\u00e1ndares de protecci\u00f3n IP20, lo que significa que est\u00e1 protegido contra objetos s\u00f3lidos de m\u00e1s de 12,5 mm de di\u00e1metro.<\/p>\n","protected":false},"excerpt":{"rendered":"<p>El Casquete sobrepuesto IP20 Toma corriente simple 10A LEXO es un dispositivo el\u00e9ctrico dise\u00f1ado para proporcionar una conexi\u00f3n de corriente el\u00e9ctrica segura y confiable en un entorno dom\u00e9stico o comercial. Cuenta con una capacidad de corriente de hasta 10 amperios y cumple con los est\u00e1ndares de protecci\u00f3n IP20, lo que significa que est\u00e1 protegido contra objetos s\u00f3lidos de m\u00e1s de [&hellip;]<\/p>\n","protected":false},"featured_media":1876,"comment_status":"open","ping_status":"closed","template":"","meta":{"_joinchat":[]},"product_brand":[],"product_cat":[16],"product_tag":[],"class_list":{"0":"post-1877","1":"product","2":"type-product","3":"status-publish","4":"has-post-thumbnail","6":"product_cat-electricidad","8":"first","9":"instock","10":"shipping-taxable","11":"purchasable","12":"product-type-simple"},"ams_default_variation_id":0,"ams_product_points_reward":[],"ams_product_discount_percentage":0,"ams_price_to_display":2000,"ams_acf":[],"jetpack_sharing_enabled":true,"_links":{"self":[{"href":"https:\/\/solucionsolar.cl\/solar\/wp-json\/wp\/v2\/product\/1877","targetHints":{"allow":["GET"]}}],"collection":[{"href":"https:\/\/solucionsolar.cl\/solar\/wp-json\/wp\/v2\/product"}],"about":[{"href":"https:\/\/solucionsolar.cl\/solar\/wp-json\/wp\/v2\/types\/product"}],"replies":[{"embeddable":true,"href":"https:\/\/solucionsolar.cl\/solar\/wp-json\/wp\/v2\/comments?post=1877"}],"wp:featuredmedia":[{"embeddable":true,"href":"https:\/\/solucionsolar.cl\/solar\/wp-json\/wp\/v2\/media\/1876"}],"wp:attachment":[{"href":"https:\/\/solucionsolar.cl\/solar\/wp-json\/wp\/v2\/media?parent=1877"}],"wp:term":[{"taxonomy":"product_brand","embeddable":true,"href":"https:\/\/solucionsolar.cl\/solar\/wp-json\/wp\/v2\/product_brand?post=1877"},{"taxonomy":"product_cat","embeddable":true,"href":"https:\/\/solucionsolar.cl\/solar\/wp-json\/wp\/v2\/product_cat?post=1877"},{"taxonomy":"product_tag","embeddable":true,"href":"https:\/\/solucionsolar.cl\/solar\/wp-json\/wp\/v2\/product_tag?post=1877"}],"curies":[{"name":"wp","href":"https:\/\/api.w.org\/{rel}","templated":true}]}}