{"id":1879,"date":"2023-05-15T23:07:39","date_gmt":"2023-05-15T23:07:39","guid":{"rendered":"https:\/\/solucionsolar.cl\/solar\/producto\/bateria-agm-12v-250ah-ciclo-profundo-curtiss\/"},"modified":"2023-05-15T23:07:39","modified_gmt":"2023-05-15T23:07:39","slug":"bateria-agm-12v-250ah-ciclo-profundo-curtiss","status":"publish","type":"product","link":"https:\/\/solucionsolar.cl\/solar\/producto\/bateria-agm-12v-250ah-ciclo-profundo-curtiss\/","title":{"rendered":"Bater\u00eda AGM 12V 250Ah Ciclo profundo Curtiss"},"content":{"rendered":"<p>La Bater\u00eda AGM 12V 250Ah Ciclo Profundo Curtiss es una bater\u00eda de plomo-\u00e1cido sellada de alta calidad, dise\u00f1ada especialmente para su uso en sistemas solares fotovoltaicos, sistemas de energ\u00eda renovable, sistemas de respaldo de energ\u00eda y otros sistemas que requieren una fuente de energ\u00eda confiable y de larga duraci\u00f3n.<\/p>\n","protected":false},"excerpt":{"rendered":"<p>La Bater\u00eda AGM 12V 250Ah Ciclo Profundo Curtiss es una bater\u00eda de plomo-\u00e1cido sellada de alta calidad, dise\u00f1ada especialmente para su uso en sistemas solares fotovoltaicos, sistemas de energ\u00eda renovable, sistemas de respaldo de energ\u00eda y otros sistemas que requieren una fuente de energ\u00eda confiable y de larga duraci\u00f3n.<\/p>\n","protected":false},"featured_media":1878,"comment_status":"open","ping_status":"closed","template":"","meta":{"_joinchat":[]},"product_brand":[],"product_cat":[21,16],"product_tag":[],"class_list":{"0":"post-1879","1":"product","2":"type-product","3":"status-publish","4":"has-post-thumbnail","6":"product_cat-baterias","7":"product_cat-electricidad","9":"first","10":"instock","11":"shipping-taxable","12":"purchasable","13":"product-type-simple"},"ams_default_variation_id":0,"ams_product_points_reward":[],"ams_product_discount_percentage":0,"ams_price_to_display":297500,"ams_acf":[],"jetpack_sharing_enabled":true,"_links":{"self":[{"href":"https:\/\/solucionsolar.cl\/solar\/wp-json\/wp\/v2\/product\/1879","targetHints":{"allow":["GET"]}}],"collection":[{"href":"https:\/\/solucionsolar.cl\/solar\/wp-json\/wp\/v2\/product"}],"about":[{"href":"https:\/\/solucionsolar.cl\/solar\/wp-json\/wp\/v2\/types\/product"}],"replies":[{"embeddable":true,"href":"https:\/\/solucionsolar.cl\/solar\/wp-json\/wp\/v2\/comments?post=1879"}],"wp:featuredmedia":[{"embeddable":true,"href":"https:\/\/solucionsolar.cl\/solar\/wp-json\/wp\/v2\/media\/1878"}],"wp:attachment":[{"href":"https:\/\/solucionsolar.cl\/solar\/wp-json\/wp\/v2\/media?parent=1879"}],"wp:term":[{"taxonomy":"product_brand","embeddable":true,"href":"https:\/\/solucionsolar.cl\/solar\/wp-json\/wp\/v2\/product_brand?post=1879"},{"taxonomy":"product_cat","embeddable":true,"href":"https:\/\/solucionsolar.cl\/solar\/wp-json\/wp\/v2\/product_cat?post=1879"},{"taxonomy":"product_tag","embeddable":true,"href":"https:\/\/solucionsolar.cl\/solar\/wp-json\/wp\/v2\/product_tag?post=1879"}],"curies":[{"name":"wp","href":"https:\/\/api.w.org\/{rel}","templated":true}]}}