{"id":1881,"date":"2023-05-15T23:07:41","date_gmt":"2023-05-15T23:07:41","guid":{"rendered":"https:\/\/solucionsolar.cl\/solar\/producto\/cable-rv-k-90oc-06-1kv-5x25mm-negro-1-mt\/"},"modified":"2023-05-15T23:07:41","modified_gmt":"2023-05-15T23:07:41","slug":"cable-rv-k-90oc-06-1kv-5x25mm-negro-1-mt","status":"publish","type":"product","link":"https:\/\/solucionsolar.cl\/solar\/producto\/cable-rv-k-90oc-06-1kv-5x25mm-negro-1-mt\/","title":{"rendered":"Cable RV-K 90\u00baC 0,6\/1KV 5&#215;2,5mm Negro 1 mt"},"content":{"rendered":"<p>El cable RV-K es un tipo de cable el\u00e9ctrico con una capacidad de tensi\u00f3n nominal de 0,6\/1KV, una secci\u00f3n transversal de 5&#215;2,5mm y un revestimiento de color negro. Este cable est\u00e1 dise\u00f1ado para ser utilizado en aplicaciones el\u00e9ctricas en las que se requiere una resistencia t\u00e9rmica de hasta 90 grados Celsius.<\/p>\n","protected":false},"excerpt":{"rendered":"<p>El cable RV-K es un tipo de cable el\u00e9ctrico con una capacidad de tensi\u00f3n nominal de 0,6\/1KV, una secci\u00f3n transversal de 5&#215;2,5mm y un revestimiento de color negro. Este cable est\u00e1 dise\u00f1ado para ser utilizado en aplicaciones el\u00e9ctricas en las que se requiere una resistencia t\u00e9rmica de hasta 90 grados Celsius.<\/p>\n","protected":false},"featured_media":1880,"comment_status":"open","ping_status":"closed","template":"","meta":{"_joinchat":[]},"product_brand":[],"product_cat":[18,16],"product_tag":[],"class_list":{"0":"post-1881","1":"product","2":"type-product","3":"status-publish","4":"has-post-thumbnail","6":"product_cat-cables","7":"product_cat-electricidad","9":"first","10":"instock","11":"shipping-taxable","12":"purchasable","13":"product-type-simple"},"ams_default_variation_id":0,"ams_product_points_reward":[],"ams_product_discount_percentage":0,"ams_price_to_display":2699,"ams_acf":[],"jetpack_sharing_enabled":true,"_links":{"self":[{"href":"https:\/\/solucionsolar.cl\/solar\/wp-json\/wp\/v2\/product\/1881","targetHints":{"allow":["GET"]}}],"collection":[{"href":"https:\/\/solucionsolar.cl\/solar\/wp-json\/wp\/v2\/product"}],"about":[{"href":"https:\/\/solucionsolar.cl\/solar\/wp-json\/wp\/v2\/types\/product"}],"replies":[{"embeddable":true,"href":"https:\/\/solucionsolar.cl\/solar\/wp-json\/wp\/v2\/comments?post=1881"}],"wp:featuredmedia":[{"embeddable":true,"href":"https:\/\/solucionsolar.cl\/solar\/wp-json\/wp\/v2\/media\/1880"}],"wp:attachment":[{"href":"https:\/\/solucionsolar.cl\/solar\/wp-json\/wp\/v2\/media?parent=1881"}],"wp:term":[{"taxonomy":"product_brand","embeddable":true,"href":"https:\/\/solucionsolar.cl\/solar\/wp-json\/wp\/v2\/product_brand?post=1881"},{"taxonomy":"product_cat","embeddable":true,"href":"https:\/\/solucionsolar.cl\/solar\/wp-json\/wp\/v2\/product_cat?post=1881"},{"taxonomy":"product_tag","embeddable":true,"href":"https:\/\/solucionsolar.cl\/solar\/wp-json\/wp\/v2\/product_tag?post=1881"}],"curies":[{"name":"wp","href":"https:\/\/api.w.org\/{rel}","templated":true}]}}