{"id":1883,"date":"2023-05-15T23:07:45","date_gmt":"2023-05-15T23:07:45","guid":{"rendered":"https:\/\/solucionsolar.cl\/solar\/producto\/guirnalda-led-solar-7mt-10-ampolletas-6-000k-logic\/"},"modified":"2023-05-15T23:07:45","modified_gmt":"2023-05-15T23:07:45","slug":"guirnalda-led-solar-7mt-10-ampolletas-6-000k-logic","status":"publish","type":"product","link":"https:\/\/solucionsolar.cl\/solar\/producto\/guirnalda-led-solar-7mt-10-ampolletas-6-000k-logic\/","title":{"rendered":"Guirnalda LED solar 7mt \/ 10 ampolletas 6.000K LOGIC"},"content":{"rendered":"<p>La Guirnalda LED solar 7mt \/ 10 ampolletas 6.000K LOGIC es una soluci\u00f3n de iluminaci\u00f3n decorativa y sostenible para exteriores. Con 10 ampolletas LED y una longitud de 7 metros, esta guirnalda proporciona una iluminaci\u00f3n brillante y c\u00e1lida con una temperatura de color de 6.000K. Funciona con energ\u00eda solar, lo que significa que no requiere de conexi\u00f3n el\u00e9ctrica y es amigable con el medio ambiente. Adem\u00e1s, cuenta con un panel solar integrado que carga la bater\u00eda durante el d\u00eda para que la guirnalda se encienda autom\u00e1ticamente al anochecer y se apague al amanecer.<\/p>\n","protected":false},"excerpt":{"rendered":"<p>La Guirnalda LED solar 7mt \/ 10 ampolletas 6.000K LOGIC es una soluci\u00f3n de iluminaci\u00f3n decorativa y sostenible para exteriores. Con 10 ampolletas LED y una longitud de 7 metros, esta guirnalda proporciona una iluminaci\u00f3n brillante y c\u00e1lida con una temperatura de color de 6.000K. Funciona con energ\u00eda solar, lo que significa que no requiere de conexi\u00f3n el\u00e9ctrica y es [&hellip;]<\/p>\n","protected":false},"featured_media":1882,"comment_status":"open","ping_status":"closed","template":"","meta":{"_joinchat":[]},"product_brand":[],"product_cat":[44],"product_tag":[],"class_list":{"0":"post-1883","1":"product","2":"type-product","3":"status-publish","4":"has-post-thumbnail","6":"product_cat-iluminacion","8":"first","9":"instock","10":"shipping-taxable","11":"purchasable","12":"product-type-simple"},"ams_default_variation_id":0,"ams_product_points_reward":[],"ams_product_discount_percentage":0,"ams_price_to_display":33900,"ams_acf":[],"jetpack_sharing_enabled":true,"_links":{"self":[{"href":"https:\/\/solucionsolar.cl\/solar\/wp-json\/wp\/v2\/product\/1883","targetHints":{"allow":["GET"]}}],"collection":[{"href":"https:\/\/solucionsolar.cl\/solar\/wp-json\/wp\/v2\/product"}],"about":[{"href":"https:\/\/solucionsolar.cl\/solar\/wp-json\/wp\/v2\/types\/product"}],"replies":[{"embeddable":true,"href":"https:\/\/solucionsolar.cl\/solar\/wp-json\/wp\/v2\/comments?post=1883"}],"wp:featuredmedia":[{"embeddable":true,"href":"https:\/\/solucionsolar.cl\/solar\/wp-json\/wp\/v2\/media\/1882"}],"wp:attachment":[{"href":"https:\/\/solucionsolar.cl\/solar\/wp-json\/wp\/v2\/media?parent=1883"}],"wp:term":[{"taxonomy":"product_brand","embeddable":true,"href":"https:\/\/solucionsolar.cl\/solar\/wp-json\/wp\/v2\/product_brand?post=1883"},{"taxonomy":"product_cat","embeddable":true,"href":"https:\/\/solucionsolar.cl\/solar\/wp-json\/wp\/v2\/product_cat?post=1883"},{"taxonomy":"product_tag","embeddable":true,"href":"https:\/\/solucionsolar.cl\/solar\/wp-json\/wp\/v2\/product_tag?post=1883"}],"curies":[{"name":"wp","href":"https:\/\/api.w.org\/{rel}","templated":true}]}}