{"id":1885,"date":"2023-05-15T23:07:50","date_gmt":"2023-05-15T23:07:50","guid":{"rendered":"https:\/\/solucionsolar.cl\/solar\/producto\/equipo-estanco-led-2x20w-con-tubo-vkb\/"},"modified":"2023-05-15T23:07:50","modified_gmt":"2023-05-15T23:07:50","slug":"equipo-estanco-led-2x20w-con-tubo-vkb","status":"publish","type":"product","link":"https:\/\/solucionsolar.cl\/solar\/producto\/equipo-estanco-led-2x20w-con-tubo-vkb\/","title":{"rendered":"Equipo Estanco LED 2X20W con tubo VKB"},"content":{"rendered":"<p>Es una soluci\u00f3n de iluminaci\u00f3n resistente y duradera para uso en espacios exteriores e interiores. Con una potencia de 2X20W, este equipo proporciona una iluminaci\u00f3n brillante y uniforme con un bajo consumo de energ\u00eda gracias a su tecnolog\u00eda LED de alta calidad. Su dise\u00f1o estanco y resistente al agua lo hace ideal para su uso en \u00e1reas h\u00famedas o expuestas a la intemperie. Adem\u00e1s, viene con un tubo incluido para una f\u00e1cil instalaci\u00f3n. Este equipo es una opci\u00f3n ideal para iluminar \u00e1reas de estacionamiento, terrazas, bodegas, patios y otros espacios que requieren una iluminaci\u00f3n duradera y confiable.<\/p>\n","protected":false},"excerpt":{"rendered":"<p>Es una soluci\u00f3n de iluminaci\u00f3n resistente y duradera para uso en espacios exteriores e interiores. Con una potencia de 2X20W, este equipo proporciona una iluminaci\u00f3n brillante y uniforme con un bajo consumo de energ\u00eda gracias a su tecnolog\u00eda LED de alta calidad. Su dise\u00f1o estanco y resistente al agua lo hace ideal para su uso en \u00e1reas h\u00famedas o expuestas [&hellip;]<\/p>\n","protected":false},"featured_media":1884,"comment_status":"open","ping_status":"closed","template":"","meta":{"_joinchat":[]},"product_brand":[],"product_cat":[44],"product_tag":[],"class_list":{"0":"post-1885","1":"product","2":"type-product","3":"status-publish","4":"has-post-thumbnail","6":"product_cat-iluminacion","8":"first","9":"instock","10":"shipping-taxable","11":"purchasable","12":"product-type-simple"},"ams_default_variation_id":0,"ams_product_points_reward":[],"ams_product_discount_percentage":0,"ams_price_to_display":16900,"ams_acf":[],"jetpack_sharing_enabled":true,"_links":{"self":[{"href":"https:\/\/solucionsolar.cl\/solar\/wp-json\/wp\/v2\/product\/1885","targetHints":{"allow":["GET"]}}],"collection":[{"href":"https:\/\/solucionsolar.cl\/solar\/wp-json\/wp\/v2\/product"}],"about":[{"href":"https:\/\/solucionsolar.cl\/solar\/wp-json\/wp\/v2\/types\/product"}],"replies":[{"embeddable":true,"href":"https:\/\/solucionsolar.cl\/solar\/wp-json\/wp\/v2\/comments?post=1885"}],"wp:featuredmedia":[{"embeddable":true,"href":"https:\/\/solucionsolar.cl\/solar\/wp-json\/wp\/v2\/media\/1884"}],"wp:attachment":[{"href":"https:\/\/solucionsolar.cl\/solar\/wp-json\/wp\/v2\/media?parent=1885"}],"wp:term":[{"taxonomy":"product_brand","embeddable":true,"href":"https:\/\/solucionsolar.cl\/solar\/wp-json\/wp\/v2\/product_brand?post=1885"},{"taxonomy":"product_cat","embeddable":true,"href":"https:\/\/solucionsolar.cl\/solar\/wp-json\/wp\/v2\/product_cat?post=1885"},{"taxonomy":"product_tag","embeddable":true,"href":"https:\/\/solucionsolar.cl\/solar\/wp-json\/wp\/v2\/product_tag?post=1885"}],"curies":[{"name":"wp","href":"https:\/\/api.w.org\/{rel}","templated":true}]}}