{"id":1893,"date":"2023-05-15T23:08:07","date_gmt":"2023-05-15T23:08:07","guid":{"rendered":"https:\/\/solucionsolar.cl\/solar\/producto\/ampolleta-led-hammer-ecolite-28w-sec-wellmax\/"},"modified":"2023-05-15T23:08:07","modified_gmt":"2023-05-15T23:08:07","slug":"ampolleta-led-hammer-ecolite-28w-sec-wellmax","status":"publish","type":"product","link":"https:\/\/solucionsolar.cl\/solar\/producto\/ampolleta-led-hammer-ecolite-28w-sec-wellmax\/","title":{"rendered":"Ampolleta LED Hammer Ecolite 28W SEC WELLMAX"},"content":{"rendered":"<p>Es una opci\u00f3n de iluminaci\u00f3n eficiente y de alto rendimiento para aplicaciones residenciales y comerciales. Con una potencia de 28W, esta ampolleta proporciona una luz brillante y clara con un haz de luz amplio y uniforme. Adem\u00e1s, cuenta con la certificaci\u00f3n SEC WELLMAX, lo que garantiza que cumple con los est\u00e1ndares de seguridad y eficiencia energ\u00e9tica. Gracias a su tecnolog\u00eda LED de larga duraci\u00f3n, esta ampolleta es una inversi\u00f3n duradera y rentable para su hogar o negocio.<\/p>\n","protected":false},"excerpt":{"rendered":"<p>Es una opci\u00f3n de iluminaci\u00f3n eficiente y de alto rendimiento para aplicaciones residenciales y comerciales. Con una potencia de 28W, esta ampolleta proporciona una luz brillante y clara con un haz de luz amplio y uniforme. Adem\u00e1s, cuenta con la certificaci\u00f3n SEC WELLMAX, lo que garantiza que cumple con los est\u00e1ndares de seguridad y eficiencia energ\u00e9tica. Gracias a su tecnolog\u00eda [&hellip;]<\/p>\n","protected":false},"featured_media":1892,"comment_status":"open","ping_status":"closed","template":"","meta":{"_joinchat":[]},"product_brand":[],"product_cat":[44],"product_tag":[],"class_list":{"0":"post-1893","1":"product","2":"type-product","3":"status-publish","4":"has-post-thumbnail","6":"product_cat-iluminacion","8":"first","9":"instock","10":"shipping-taxable","11":"purchasable","12":"product-type-simple"},"ams_default_variation_id":0,"ams_product_points_reward":[],"ams_product_discount_percentage":0,"ams_price_to_display":5000,"ams_acf":[],"jetpack_sharing_enabled":true,"_links":{"self":[{"href":"https:\/\/solucionsolar.cl\/solar\/wp-json\/wp\/v2\/product\/1893","targetHints":{"allow":["GET"]}}],"collection":[{"href":"https:\/\/solucionsolar.cl\/solar\/wp-json\/wp\/v2\/product"}],"about":[{"href":"https:\/\/solucionsolar.cl\/solar\/wp-json\/wp\/v2\/types\/product"}],"replies":[{"embeddable":true,"href":"https:\/\/solucionsolar.cl\/solar\/wp-json\/wp\/v2\/comments?post=1893"}],"wp:featuredmedia":[{"embeddable":true,"href":"https:\/\/solucionsolar.cl\/solar\/wp-json\/wp\/v2\/media\/1892"}],"wp:attachment":[{"href":"https:\/\/solucionsolar.cl\/solar\/wp-json\/wp\/v2\/media?parent=1893"}],"wp:term":[{"taxonomy":"product_brand","embeddable":true,"href":"https:\/\/solucionsolar.cl\/solar\/wp-json\/wp\/v2\/product_brand?post=1893"},{"taxonomy":"product_cat","embeddable":true,"href":"https:\/\/solucionsolar.cl\/solar\/wp-json\/wp\/v2\/product_cat?post=1893"},{"taxonomy":"product_tag","embeddable":true,"href":"https:\/\/solucionsolar.cl\/solar\/wp-json\/wp\/v2\/product_tag?post=1893"}],"curies":[{"name":"wp","href":"https:\/\/api.w.org\/{rel}","templated":true}]}}