{"id":1895,"date":"2023-05-15T23:08:09","date_gmt":"2023-05-15T23:08:09","guid":{"rendered":"https:\/\/solucionsolar.cl\/solar\/producto\/cinta-led-rgb-5mt-c-control-remoto\/"},"modified":"2023-05-15T23:08:09","modified_gmt":"2023-05-15T23:08:09","slug":"cinta-led-rgb-5mt-c-control-remoto","status":"publish","type":"product","link":"https:\/\/solucionsolar.cl\/solar\/producto\/cinta-led-rgb-5mt-c-control-remoto\/","title":{"rendered":"Cinta LED RGB 5mt c\/control remoto"},"content":{"rendered":"<p>La cinta LED RGB de 5 metros con control remoto es un dispositivo de iluminaci\u00f3n flexible que se puede ajustar para emitir luz de diferentes colores mediante el uso de una amplia gama de opciones de control remoto. Es una soluci\u00f3n vers\u00e1til y f\u00e1cil de instalar para agregar una iluminaci\u00f3n ambiental a cualquier espacio.<\/p>\n","protected":false},"excerpt":{"rendered":"<p>La cinta LED RGB de 5 metros con control remoto es un dispositivo de iluminaci\u00f3n flexible que se puede ajustar para emitir luz de diferentes colores mediante el uso de una amplia gama de opciones de control remoto. Es una soluci\u00f3n vers\u00e1til y f\u00e1cil de instalar para agregar una iluminaci\u00f3n ambiental a cualquier espacio.<\/p>\n","protected":false},"featured_media":1894,"comment_status":"open","ping_status":"closed","template":"","meta":{"_joinchat":[]},"product_brand":[],"product_cat":[25,44],"product_tag":[],"class_list":{"0":"post-1895","1":"product","2":"type-product","3":"status-publish","4":"has-post-thumbnail","6":"product_cat-cintas","7":"product_cat-iluminacion","9":"first","10":"instock","11":"shipping-taxable","12":"purchasable","13":"product-type-simple"},"ams_default_variation_id":0,"ams_product_points_reward":[],"ams_product_discount_percentage":0,"ams_price_to_display":6000,"ams_acf":[],"jetpack_sharing_enabled":true,"_links":{"self":[{"href":"https:\/\/solucionsolar.cl\/solar\/wp-json\/wp\/v2\/product\/1895","targetHints":{"allow":["GET"]}}],"collection":[{"href":"https:\/\/solucionsolar.cl\/solar\/wp-json\/wp\/v2\/product"}],"about":[{"href":"https:\/\/solucionsolar.cl\/solar\/wp-json\/wp\/v2\/types\/product"}],"replies":[{"embeddable":true,"href":"https:\/\/solucionsolar.cl\/solar\/wp-json\/wp\/v2\/comments?post=1895"}],"wp:featuredmedia":[{"embeddable":true,"href":"https:\/\/solucionsolar.cl\/solar\/wp-json\/wp\/v2\/media\/1894"}],"wp:attachment":[{"href":"https:\/\/solucionsolar.cl\/solar\/wp-json\/wp\/v2\/media?parent=1895"}],"wp:term":[{"taxonomy":"product_brand","embeddable":true,"href":"https:\/\/solucionsolar.cl\/solar\/wp-json\/wp\/v2\/product_brand?post=1895"},{"taxonomy":"product_cat","embeddable":true,"href":"https:\/\/solucionsolar.cl\/solar\/wp-json\/wp\/v2\/product_cat?post=1895"},{"taxonomy":"product_tag","embeddable":true,"href":"https:\/\/solucionsolar.cl\/solar\/wp-json\/wp\/v2\/product_tag?post=1895"}],"curies":[{"name":"wp","href":"https:\/\/api.w.org\/{rel}","templated":true}]}}