{"id":1897,"date":"2023-05-15T23:08:17","date_gmt":"2023-05-15T23:08:17","guid":{"rendered":"https:\/\/solucionsolar.cl\/solar\/producto\/linterna-frontal-3w-cob-b-bear\/"},"modified":"2023-05-15T23:08:17","modified_gmt":"2023-05-15T23:08:17","slug":"linterna-frontal-3w-cob-b-bear","status":"publish","type":"product","link":"https:\/\/solucionsolar.cl\/solar\/producto\/linterna-frontal-3w-cob-b-bear\/","title":{"rendered":"Linterna frontal 3W COB B.BEAR"},"content":{"rendered":"<p>La linterna frontal 3W COB B.BEAR es una linterna de cabeza que utiliza tecnolog\u00eda COB para proporcionar una iluminaci\u00f3n de alta intensidad y eficiencia energ\u00e9tica. Con una potencia de 3W, ofrece una luz brillante y clara para actividades al aire libre como senderismo, camping y trabajos en \u00e1reas oscuras. Su dise\u00f1o ergon\u00f3mico y ajustable se adapta a diferentes tama\u00f1os de cabeza, lo que la hace c\u00f3moda de usar durante largos per\u00edodos de tiempo. Adem\u00e1s, su tama\u00f1o compacto y ligero la hacen f\u00e1cil de transportar y almacenar.<\/p>\n","protected":false},"excerpt":{"rendered":"<p>La linterna frontal 3W COB B.BEAR es una linterna de cabeza que utiliza tecnolog\u00eda COB para proporcionar una iluminaci\u00f3n de alta intensidad y eficiencia energ\u00e9tica. Con una potencia de 3W, ofrece una luz brillante y clara para actividades al aire libre como senderismo, camping y trabajos en \u00e1reas oscuras. Su dise\u00f1o ergon\u00f3mico y ajustable se adapta a diferentes tama\u00f1os de [&hellip;]<\/p>\n","protected":false},"featured_media":1896,"comment_status":"open","ping_status":"closed","template":"","meta":{"_joinchat":[]},"product_brand":[],"product_cat":[44],"product_tag":[],"class_list":{"0":"post-1897","1":"product","2":"type-product","3":"status-publish","4":"has-post-thumbnail","6":"product_cat-iluminacion","8":"first","9":"instock","10":"shipping-taxable","11":"purchasable","12":"product-type-simple"},"ams_default_variation_id":0,"ams_product_points_reward":[],"ams_product_discount_percentage":0,"ams_price_to_display":6000,"ams_acf":[],"jetpack_sharing_enabled":true,"_links":{"self":[{"href":"https:\/\/solucionsolar.cl\/solar\/wp-json\/wp\/v2\/product\/1897","targetHints":{"allow":["GET"]}}],"collection":[{"href":"https:\/\/solucionsolar.cl\/solar\/wp-json\/wp\/v2\/product"}],"about":[{"href":"https:\/\/solucionsolar.cl\/solar\/wp-json\/wp\/v2\/types\/product"}],"replies":[{"embeddable":true,"href":"https:\/\/solucionsolar.cl\/solar\/wp-json\/wp\/v2\/comments?post=1897"}],"wp:featuredmedia":[{"embeddable":true,"href":"https:\/\/solucionsolar.cl\/solar\/wp-json\/wp\/v2\/media\/1896"}],"wp:attachment":[{"href":"https:\/\/solucionsolar.cl\/solar\/wp-json\/wp\/v2\/media?parent=1897"}],"wp:term":[{"taxonomy":"product_brand","embeddable":true,"href":"https:\/\/solucionsolar.cl\/solar\/wp-json\/wp\/v2\/product_brand?post=1897"},{"taxonomy":"product_cat","embeddable":true,"href":"https:\/\/solucionsolar.cl\/solar\/wp-json\/wp\/v2\/product_cat?post=1897"},{"taxonomy":"product_tag","embeddable":true,"href":"https:\/\/solucionsolar.cl\/solar\/wp-json\/wp\/v2\/product_tag?post=1897"}],"curies":[{"name":"wp","href":"https:\/\/api.w.org\/{rel}","templated":true}]}}