{"id":1899,"date":"2023-05-15T23:08:23","date_gmt":"2023-05-15T23:08:23","guid":{"rendered":"https:\/\/solucionsolar.cl\/solar\/producto\/ampolleta-led-4w-e27-g45-6-500k-sec-logic\/"},"modified":"2023-05-15T23:08:23","modified_gmt":"2023-05-15T23:08:23","slug":"ampolleta-led-4w-e27-g45-6-500k-sec-logic","status":"publish","type":"product","link":"https:\/\/solucionsolar.cl\/solar\/producto\/ampolleta-led-4w-e27-g45-6-500k-sec-logic\/","title":{"rendered":"Ampolleta LED 4W E27\/G45 6.500K SEC LOGIC"},"content":{"rendered":"<p>La ampolleta LED 4W E27\/G45 6.500K SEC LOGIC es una bombilla de iluminaci\u00f3n LED de alta eficiencia energ\u00e9tica que utiliza una base E27\/G45. La temperatura de color es de 6.500K, lo que proporciona una luz blanca y brillante. La tecnolog\u00eda LED proporciona una larga vida \u00fatil y un bajo consumo de energ\u00eda, lo que se traduce en ahorros significativos a largo plazo. La ampolleta es f\u00e1cil de instalar en cualquier l\u00e1mpara o accesorio que utilice una base E27\/G45. Es ideal para su uso en hogares, oficinas y otros espacios interiores donde se requiere una iluminaci\u00f3n blanca y eficiente.<\/p>\n","protected":false},"excerpt":{"rendered":"<p>La ampolleta LED 4W E27\/G45 6.500K SEC LOGIC es una bombilla de iluminaci\u00f3n LED de alta eficiencia energ\u00e9tica que utiliza una base E27\/G45. La temperatura de color es de 6.500K, lo que proporciona una luz blanca y brillante. La tecnolog\u00eda LED proporciona una larga vida \u00fatil y un bajo consumo de energ\u00eda, lo que se traduce en ahorros significativos a [&hellip;]<\/p>\n","protected":false},"featured_media":1898,"comment_status":"open","ping_status":"closed","template":"","meta":{"_joinchat":[]},"product_brand":[],"product_cat":[44],"product_tag":[],"class_list":{"0":"post-1899","1":"product","2":"type-product","3":"status-publish","4":"has-post-thumbnail","6":"product_cat-iluminacion","8":"first","9":"instock","10":"shipping-taxable","11":"purchasable","12":"product-type-simple"},"ams_default_variation_id":0,"ams_product_points_reward":[],"ams_product_discount_percentage":0,"ams_price_to_display":1400,"ams_acf":[],"jetpack_sharing_enabled":true,"_links":{"self":[{"href":"https:\/\/solucionsolar.cl\/solar\/wp-json\/wp\/v2\/product\/1899","targetHints":{"allow":["GET"]}}],"collection":[{"href":"https:\/\/solucionsolar.cl\/solar\/wp-json\/wp\/v2\/product"}],"about":[{"href":"https:\/\/solucionsolar.cl\/solar\/wp-json\/wp\/v2\/types\/product"}],"replies":[{"embeddable":true,"href":"https:\/\/solucionsolar.cl\/solar\/wp-json\/wp\/v2\/comments?post=1899"}],"wp:featuredmedia":[{"embeddable":true,"href":"https:\/\/solucionsolar.cl\/solar\/wp-json\/wp\/v2\/media\/1898"}],"wp:attachment":[{"href":"https:\/\/solucionsolar.cl\/solar\/wp-json\/wp\/v2\/media?parent=1899"}],"wp:term":[{"taxonomy":"product_brand","embeddable":true,"href":"https:\/\/solucionsolar.cl\/solar\/wp-json\/wp\/v2\/product_brand?post=1899"},{"taxonomy":"product_cat","embeddable":true,"href":"https:\/\/solucionsolar.cl\/solar\/wp-json\/wp\/v2\/product_cat?post=1899"},{"taxonomy":"product_tag","embeddable":true,"href":"https:\/\/solucionsolar.cl\/solar\/wp-json\/wp\/v2\/product_tag?post=1899"}],"curies":[{"name":"wp","href":"https:\/\/api.w.org\/{rel}","templated":true}]}}