{"id":1903,"date":"2023-05-15T23:08:30","date_gmt":"2023-05-15T23:08:30","guid":{"rendered":"https:\/\/solucionsolar.cl\/solar\/producto\/portalampara-volante-corriente-negro\/"},"modified":"2023-05-15T23:08:30","modified_gmt":"2023-05-15T23:08:30","slug":"portalampara-volante-corriente-negro","status":"publish","type":"product","link":"https:\/\/solucionsolar.cl\/solar\/producto\/portalampara-volante-corriente-negro\/","title":{"rendered":"Portal\u00e1mpara volante corriente Negro"},"content":{"rendered":"<p>Es un dispositivo el\u00e9ctrico que se utiliza para conectar una ampolleta a un circuito el\u00e9ctrico. Este tipo de portal\u00e1mparas es muy com\u00fan en aplicaciones de iluminaci\u00f3n en hogares, oficinas y comercios.<\/p>\n","protected":false},"excerpt":{"rendered":"<p>Es un dispositivo el\u00e9ctrico que se utiliza para conectar una ampolleta a un circuito el\u00e9ctrico. Este tipo de portal\u00e1mparas es muy com\u00fan en aplicaciones de iluminaci\u00f3n en hogares, oficinas y comercios.<\/p>\n","protected":false},"featured_media":1902,"comment_status":"open","ping_status":"closed","template":"","meta":{"_joinchat":[]},"product_brand":[],"product_cat":[62],"product_tag":[],"class_list":{"0":"post-1903","1":"product","2":"type-product","3":"status-publish","4":"has-post-thumbnail","6":"product_cat-iluminacion-2","8":"first","9":"instock","10":"shipping-taxable","11":"purchasable","12":"product-type-simple"},"ams_default_variation_id":0,"ams_product_points_reward":[],"ams_product_discount_percentage":0,"ams_price_to_display":300,"ams_acf":[],"jetpack_sharing_enabled":true,"_links":{"self":[{"href":"https:\/\/solucionsolar.cl\/solar\/wp-json\/wp\/v2\/product\/1903","targetHints":{"allow":["GET"]}}],"collection":[{"href":"https:\/\/solucionsolar.cl\/solar\/wp-json\/wp\/v2\/product"}],"about":[{"href":"https:\/\/solucionsolar.cl\/solar\/wp-json\/wp\/v2\/types\/product"}],"replies":[{"embeddable":true,"href":"https:\/\/solucionsolar.cl\/solar\/wp-json\/wp\/v2\/comments?post=1903"}],"wp:featuredmedia":[{"embeddable":true,"href":"https:\/\/solucionsolar.cl\/solar\/wp-json\/wp\/v2\/media\/1902"}],"wp:attachment":[{"href":"https:\/\/solucionsolar.cl\/solar\/wp-json\/wp\/v2\/media?parent=1903"}],"wp:term":[{"taxonomy":"product_brand","embeddable":true,"href":"https:\/\/solucionsolar.cl\/solar\/wp-json\/wp\/v2\/product_brand?post=1903"},{"taxonomy":"product_cat","embeddable":true,"href":"https:\/\/solucionsolar.cl\/solar\/wp-json\/wp\/v2\/product_cat?post=1903"},{"taxonomy":"product_tag","embeddable":true,"href":"https:\/\/solucionsolar.cl\/solar\/wp-json\/wp\/v2\/product_tag?post=1903"}],"curies":[{"name":"wp","href":"https:\/\/api.w.org\/{rel}","templated":true}]}}