{"id":191,"date":"2023-05-13T22:23:27","date_gmt":"2023-05-13T22:23:27","guid":{"rendered":"https:\/\/solucionsolar.cl\/solar\/producto\/doblador-de-tubos-forjado-1-2-providus\/"},"modified":"2023-05-13T22:23:27","modified_gmt":"2023-05-13T22:23:27","slug":"doblador-de-tubos-forjado-1-2-providus","status":"publish","type":"product","link":"https:\/\/solucionsolar.cl\/solar\/producto\/doblador-de-tubos-forjado-1-2-providus\/","title":{"rendered":"Doblador de tubos forjado 1\/2&#8243; PROVIDUS"},"content":{"rendered":"<p>El doblador de tubos forjado de 1\/2&#8243; PROVIDUS es una herramienta manual dise\u00f1ada para doblar tubos y conductos de diferentes materiales, como acero, cobre, aluminio, entre otros. Esta herramienta es ideal para trabajos de plomer\u00eda, instalaciones de sistemas de aire acondicionado, calefacci\u00f3n y otros trabajos que requieren curvar tubos con precisi\u00f3n y facilidad.<\/p>\n","protected":false},"excerpt":{"rendered":"<p>El doblador de tubos forjado de 1\/2&#8243; PROVIDUS es una herramienta manual dise\u00f1ada para doblar tubos y conductos de diferentes materiales, como acero, cobre, aluminio, entre otros. Esta herramienta es ideal para trabajos de plomer\u00eda, instalaciones de sistemas de aire acondicionado, calefacci\u00f3n y otros trabajos que requieren curvar tubos con precisi\u00f3n y facilidad.<\/p>\n","protected":false},"featured_media":190,"comment_status":"open","ping_status":"closed","template":"","meta":{"_joinchat":[]},"product_brand":[],"product_cat":[29],"product_tag":[],"class_list":{"0":"post-191","1":"product","2":"type-product","3":"status-publish","4":"has-post-thumbnail","6":"product_cat-herramientas","8":"first","9":"instock","10":"shipping-taxable","11":"purchasable","12":"product-type-simple"},"ams_default_variation_id":0,"ams_product_points_reward":[],"ams_product_discount_percentage":0,"ams_price_to_display":17000,"ams_acf":[],"jetpack_sharing_enabled":true,"_links":{"self":[{"href":"https:\/\/solucionsolar.cl\/solar\/wp-json\/wp\/v2\/product\/191","targetHints":{"allow":["GET"]}}],"collection":[{"href":"https:\/\/solucionsolar.cl\/solar\/wp-json\/wp\/v2\/product"}],"about":[{"href":"https:\/\/solucionsolar.cl\/solar\/wp-json\/wp\/v2\/types\/product"}],"replies":[{"embeddable":true,"href":"https:\/\/solucionsolar.cl\/solar\/wp-json\/wp\/v2\/comments?post=191"}],"wp:featuredmedia":[{"embeddable":true,"href":"https:\/\/solucionsolar.cl\/solar\/wp-json\/wp\/v2\/media\/190"}],"wp:attachment":[{"href":"https:\/\/solucionsolar.cl\/solar\/wp-json\/wp\/v2\/media?parent=191"}],"wp:term":[{"taxonomy":"product_brand","embeddable":true,"href":"https:\/\/solucionsolar.cl\/solar\/wp-json\/wp\/v2\/product_brand?post=191"},{"taxonomy":"product_cat","embeddable":true,"href":"https:\/\/solucionsolar.cl\/solar\/wp-json\/wp\/v2\/product_cat?post=191"},{"taxonomy":"product_tag","embeddable":true,"href":"https:\/\/solucionsolar.cl\/solar\/wp-json\/wp\/v2\/product_tag?post=191"}],"curies":[{"name":"wp","href":"https:\/\/api.w.org\/{rel}","templated":true}]}}