{"id":1911,"date":"2023-05-15T23:08:46","date_gmt":"2023-05-15T23:08:46","guid":{"rendered":"https:\/\/solucionsolar.cl\/solar\/producto\/angulo-plano-para-canaleta-pvc-20x10mm-lexo\/"},"modified":"2023-05-15T23:08:46","modified_gmt":"2023-05-15T23:08:46","slug":"angulo-plano-para-canaleta-pvc-20x10mm-lexo","status":"publish","type":"product","link":"https:\/\/solucionsolar.cl\/solar\/producto\/angulo-plano-para-canaleta-pvc-20x10mm-lexo\/","title":{"rendered":"\u00c1ngulo plano para canaleta pvc 20x10mm LEXO"},"content":{"rendered":"<p>Un \u00e1ngulo plano para canaleta PVC de 20x10mm LEXO es un accesorio que se utiliza para conectar dos secciones de canaleta de PVC de tama\u00f1o similar en un \u00e1ngulo recto. Est\u00e1 hecho de PVC de alta calidad y tiene una forma plana con dos lados que se ajustan perfectamente a las canaletas de 20x10mm.<\/p>\n","protected":false},"excerpt":{"rendered":"<p>Un \u00e1ngulo plano para canaleta PVC de 20x10mm LEXO es un accesorio que se utiliza para conectar dos secciones de canaleta de PVC de tama\u00f1o similar en un \u00e1ngulo recto. Est\u00e1 hecho de PVC de alta calidad y tiene una forma plana con dos lados que se ajustan perfectamente a las canaletas de 20x10mm.<\/p>\n","protected":false},"featured_media":1910,"comment_status":"open","ping_status":"closed","template":"","meta":{"_joinchat":[]},"product_brand":[],"product_cat":[56,16],"product_tag":[],"class_list":{"0":"post-1911","1":"product","2":"type-product","3":"status-publish","4":"has-post-thumbnail","6":"product_cat-canalizacion","7":"product_cat-electricidad","9":"first","10":"instock","11":"shipping-taxable","12":"purchasable","13":"product-type-simple"},"ams_default_variation_id":0,"ams_product_points_reward":[],"ams_product_discount_percentage":0,"ams_price_to_display":350,"ams_acf":[],"jetpack_sharing_enabled":true,"_links":{"self":[{"href":"https:\/\/solucionsolar.cl\/solar\/wp-json\/wp\/v2\/product\/1911","targetHints":{"allow":["GET"]}}],"collection":[{"href":"https:\/\/solucionsolar.cl\/solar\/wp-json\/wp\/v2\/product"}],"about":[{"href":"https:\/\/solucionsolar.cl\/solar\/wp-json\/wp\/v2\/types\/product"}],"replies":[{"embeddable":true,"href":"https:\/\/solucionsolar.cl\/solar\/wp-json\/wp\/v2\/comments?post=1911"}],"wp:featuredmedia":[{"embeddable":true,"href":"https:\/\/solucionsolar.cl\/solar\/wp-json\/wp\/v2\/media\/1910"}],"wp:attachment":[{"href":"https:\/\/solucionsolar.cl\/solar\/wp-json\/wp\/v2\/media?parent=1911"}],"wp:term":[{"taxonomy":"product_brand","embeddable":true,"href":"https:\/\/solucionsolar.cl\/solar\/wp-json\/wp\/v2\/product_brand?post=1911"},{"taxonomy":"product_cat","embeddable":true,"href":"https:\/\/solucionsolar.cl\/solar\/wp-json\/wp\/v2\/product_cat?post=1911"},{"taxonomy":"product_tag","embeddable":true,"href":"https:\/\/solucionsolar.cl\/solar\/wp-json\/wp\/v2\/product_tag?post=1911"}],"curies":[{"name":"wp","href":"https:\/\/api.w.org\/{rel}","templated":true}]}}