{"id":1915,"date":"2023-05-15T23:08:56","date_gmt":"2023-05-15T23:08:56","guid":{"rendered":"https:\/\/solucionsolar.cl\/solar\/producto\/conexion-t-para-canaleta-40x16-lexo\/"},"modified":"2023-05-15T23:08:56","modified_gmt":"2023-05-15T23:08:56","slug":"conexion-t-para-canaleta-40x16-lexo","status":"publish","type":"product","link":"https:\/\/solucionsolar.cl\/solar\/producto\/conexion-t-para-canaleta-40x16-lexo\/","title":{"rendered":"Conexi\u00f3n T para canaleta 40&#215;16 LEXO"},"content":{"rendered":"<p>La Conexi\u00f3n T para canaleta 40&#215;16 LEXO es un accesorio dise\u00f1ado para unir tres piezas de canaleta en \u00e1ngulos rectos en un sistema de canalizaci\u00f3n el\u00e9ctrica. Est\u00e1 fabricada con PVC de alta calidad para garantizar su durabilidad y resistencia a la corrosi\u00f3n. La conexi\u00f3n tiene una dimensi\u00f3n de 40&#215;16 mm y su dise\u00f1o permite un acople sencillo y seguro con las piezas de la misma marca.<\/p>\n","protected":false},"excerpt":{"rendered":"<p>La Conexi\u00f3n T para canaleta 40&#215;16 LEXO es un accesorio dise\u00f1ado para unir tres piezas de canaleta en \u00e1ngulos rectos en un sistema de canalizaci\u00f3n el\u00e9ctrica. Est\u00e1 fabricada con PVC de alta calidad para garantizar su durabilidad y resistencia a la corrosi\u00f3n. La conexi\u00f3n tiene una dimensi\u00f3n de 40&#215;16 mm y su dise\u00f1o permite un acople sencillo y seguro con [&hellip;]<\/p>\n","protected":false},"featured_media":1914,"comment_status":"open","ping_status":"closed","template":"","meta":{"_joinchat":[]},"product_brand":[],"product_cat":[56,16],"product_tag":[],"class_list":{"0":"post-1915","1":"product","2":"type-product","3":"status-publish","4":"has-post-thumbnail","6":"product_cat-canalizacion","7":"product_cat-electricidad","9":"first","10":"instock","11":"shipping-taxable","12":"purchasable","13":"product-type-simple"},"ams_default_variation_id":0,"ams_product_points_reward":[],"ams_product_discount_percentage":0,"ams_price_to_display":500,"ams_acf":[],"jetpack_sharing_enabled":true,"_links":{"self":[{"href":"https:\/\/solucionsolar.cl\/solar\/wp-json\/wp\/v2\/product\/1915","targetHints":{"allow":["GET"]}}],"collection":[{"href":"https:\/\/solucionsolar.cl\/solar\/wp-json\/wp\/v2\/product"}],"about":[{"href":"https:\/\/solucionsolar.cl\/solar\/wp-json\/wp\/v2\/types\/product"}],"replies":[{"embeddable":true,"href":"https:\/\/solucionsolar.cl\/solar\/wp-json\/wp\/v2\/comments?post=1915"}],"wp:featuredmedia":[{"embeddable":true,"href":"https:\/\/solucionsolar.cl\/solar\/wp-json\/wp\/v2\/media\/1914"}],"wp:attachment":[{"href":"https:\/\/solucionsolar.cl\/solar\/wp-json\/wp\/v2\/media?parent=1915"}],"wp:term":[{"taxonomy":"product_brand","embeddable":true,"href":"https:\/\/solucionsolar.cl\/solar\/wp-json\/wp\/v2\/product_brand?post=1915"},{"taxonomy":"product_cat","embeddable":true,"href":"https:\/\/solucionsolar.cl\/solar\/wp-json\/wp\/v2\/product_cat?post=1915"},{"taxonomy":"product_tag","embeddable":true,"href":"https:\/\/solucionsolar.cl\/solar\/wp-json\/wp\/v2\/product_tag?post=1915"}],"curies":[{"name":"wp","href":"https:\/\/api.w.org\/{rel}","templated":true}]}}