{"id":1919,"date":"2023-05-15T23:09:06","date_gmt":"2023-05-15T23:09:06","guid":{"rendered":"https:\/\/solucionsolar.cl\/solar\/producto\/copla-union-para-canaleta-pvc-20x10mm-lexo\/"},"modified":"2023-05-15T23:09:06","modified_gmt":"2023-05-15T23:09:06","slug":"copla-union-para-canaleta-pvc-20x10mm-lexo","status":"publish","type":"product","link":"https:\/\/solucionsolar.cl\/solar\/producto\/copla-union-para-canaleta-pvc-20x10mm-lexo\/","title":{"rendered":"Copla uni\u00f3n para canaleta pvc 20x10mm LEXO"},"content":{"rendered":"<p>Copla Uni\u00f3n para Canaleta PVC 20x10mm LEXO es un accesorio de pl\u00e1stico r\u00edgido dise\u00f1ado para unir dos secciones de canaleta de PVC de tama\u00f1o 20x10mm. Esta copla de uni\u00f3n tiene un dise\u00f1o compacto y resistente que permite una f\u00e1cil instalaci\u00f3n y un ajuste seguro, garantizando una conexi\u00f3n herm\u00e9tica y duradera. Su material de PVC le confiere una alta resistencia a la corrosi\u00f3n y una excelente durabilidad en ambientes h\u00famedos y corrosivos.<\/p>\n","protected":false},"excerpt":{"rendered":"<p>Copla Uni\u00f3n para Canaleta PVC 20x10mm LEXO es un accesorio de pl\u00e1stico r\u00edgido dise\u00f1ado para unir dos secciones de canaleta de PVC de tama\u00f1o 20x10mm. Esta copla de uni\u00f3n tiene un dise\u00f1o compacto y resistente que permite una f\u00e1cil instalaci\u00f3n y un ajuste seguro, garantizando una conexi\u00f3n herm\u00e9tica y duradera. Su material de PVC le confiere una alta resistencia a [&hellip;]<\/p>\n","protected":false},"featured_media":1918,"comment_status":"open","ping_status":"closed","template":"","meta":{"_joinchat":[]},"product_brand":[],"product_cat":[56,16],"product_tag":[],"class_list":{"0":"post-1919","1":"product","2":"type-product","3":"status-publish","4":"has-post-thumbnail","6":"product_cat-canalizacion","7":"product_cat-electricidad","9":"first","10":"instock","11":"shipping-taxable","12":"purchasable","13":"product-type-simple"},"ams_default_variation_id":0,"ams_product_points_reward":[],"ams_product_discount_percentage":0,"ams_price_to_display":350,"ams_acf":[],"jetpack_sharing_enabled":true,"_links":{"self":[{"href":"https:\/\/solucionsolar.cl\/solar\/wp-json\/wp\/v2\/product\/1919","targetHints":{"allow":["GET"]}}],"collection":[{"href":"https:\/\/solucionsolar.cl\/solar\/wp-json\/wp\/v2\/product"}],"about":[{"href":"https:\/\/solucionsolar.cl\/solar\/wp-json\/wp\/v2\/types\/product"}],"replies":[{"embeddable":true,"href":"https:\/\/solucionsolar.cl\/solar\/wp-json\/wp\/v2\/comments?post=1919"}],"wp:featuredmedia":[{"embeddable":true,"href":"https:\/\/solucionsolar.cl\/solar\/wp-json\/wp\/v2\/media\/1918"}],"wp:attachment":[{"href":"https:\/\/solucionsolar.cl\/solar\/wp-json\/wp\/v2\/media?parent=1919"}],"wp:term":[{"taxonomy":"product_brand","embeddable":true,"href":"https:\/\/solucionsolar.cl\/solar\/wp-json\/wp\/v2\/product_brand?post=1919"},{"taxonomy":"product_cat","embeddable":true,"href":"https:\/\/solucionsolar.cl\/solar\/wp-json\/wp\/v2\/product_cat?post=1919"},{"taxonomy":"product_tag","embeddable":true,"href":"https:\/\/solucionsolar.cl\/solar\/wp-json\/wp\/v2\/product_tag?post=1919"}],"curies":[{"name":"wp","href":"https:\/\/api.w.org\/{rel}","templated":true}]}}