{"id":1921,"date":"2023-05-15T23:09:10","date_gmt":"2023-05-15T23:09:10","guid":{"rendered":"https:\/\/solucionsolar.cl\/solar\/producto\/curva-exterior-para-canaleta-pvc-20x10mm-lexo\/"},"modified":"2023-05-15T23:09:10","modified_gmt":"2023-05-15T23:09:10","slug":"curva-exterior-para-canaleta-pvc-20x10mm-lexo","status":"publish","type":"product","link":"https:\/\/solucionsolar.cl\/solar\/producto\/curva-exterior-para-canaleta-pvc-20x10mm-lexo\/","title":{"rendered":"Curva exterior para canaleta pvc 20x10mm LEXO"},"content":{"rendered":"<p>La curva exterior para canaleta PVC 20x10mm LEXO es un accesorio dise\u00f1ado para ser instalado en una canaleta de PVC de 20x10mm para proporcionar un \u00e1ngulo de curvatura externo de 90 grados. Este accesorio est\u00e1 fabricado en PVC de alta calidad y resistencia, lo que le brinda una larga vida \u00fatil y una gran durabilidad.<\/p>\n","protected":false},"excerpt":{"rendered":"<p>La curva exterior para canaleta PVC 20x10mm LEXO es un accesorio dise\u00f1ado para ser instalado en una canaleta de PVC de 20x10mm para proporcionar un \u00e1ngulo de curvatura externo de 90 grados. Este accesorio est\u00e1 fabricado en PVC de alta calidad y resistencia, lo que le brinda una larga vida \u00fatil y una gran durabilidad.<\/p>\n","protected":false},"featured_media":1920,"comment_status":"open","ping_status":"closed","template":"","meta":{"_joinchat":[]},"product_brand":[],"product_cat":[56,16],"product_tag":[],"class_list":{"0":"post-1921","1":"product","2":"type-product","3":"status-publish","4":"has-post-thumbnail","6":"product_cat-canalizacion","7":"product_cat-electricidad","9":"first","10":"instock","11":"shipping-taxable","12":"purchasable","13":"product-type-simple"},"ams_default_variation_id":0,"ams_product_points_reward":[],"ams_product_discount_percentage":0,"ams_price_to_display":350,"ams_acf":[],"jetpack_sharing_enabled":true,"_links":{"self":[{"href":"https:\/\/solucionsolar.cl\/solar\/wp-json\/wp\/v2\/product\/1921","targetHints":{"allow":["GET"]}}],"collection":[{"href":"https:\/\/solucionsolar.cl\/solar\/wp-json\/wp\/v2\/product"}],"about":[{"href":"https:\/\/solucionsolar.cl\/solar\/wp-json\/wp\/v2\/types\/product"}],"replies":[{"embeddable":true,"href":"https:\/\/solucionsolar.cl\/solar\/wp-json\/wp\/v2\/comments?post=1921"}],"wp:featuredmedia":[{"embeddable":true,"href":"https:\/\/solucionsolar.cl\/solar\/wp-json\/wp\/v2\/media\/1920"}],"wp:attachment":[{"href":"https:\/\/solucionsolar.cl\/solar\/wp-json\/wp\/v2\/media?parent=1921"}],"wp:term":[{"taxonomy":"product_brand","embeddable":true,"href":"https:\/\/solucionsolar.cl\/solar\/wp-json\/wp\/v2\/product_brand?post=1921"},{"taxonomy":"product_cat","embeddable":true,"href":"https:\/\/solucionsolar.cl\/solar\/wp-json\/wp\/v2\/product_cat?post=1921"},{"taxonomy":"product_tag","embeddable":true,"href":"https:\/\/solucionsolar.cl\/solar\/wp-json\/wp\/v2\/product_tag?post=1921"}],"curies":[{"name":"wp","href":"https:\/\/api.w.org\/{rel}","templated":true}]}}