{"id":1923,"date":"2023-05-15T23:09:12","date_gmt":"2023-05-15T23:09:12","guid":{"rendered":"https:\/\/solucionsolar.cl\/solar\/producto\/curva-interior-para-canaleta-pvc-20x10mm-lexo\/"},"modified":"2023-05-15T23:09:12","modified_gmt":"2023-05-15T23:09:12","slug":"curva-interior-para-canaleta-pvc-20x10mm-lexo","status":"publish","type":"product","link":"https:\/\/solucionsolar.cl\/solar\/producto\/curva-interior-para-canaleta-pvc-20x10mm-lexo\/","title":{"rendered":"Curva interior para canaleta pvc 20x10mm LEXO"},"content":{"rendered":"<p>La curva interior para canaleta PVC 20x10mm LEXO es una pieza de pl\u00e1stico moldeado que se utiliza para conectar dos tramos de canaleta de PVC de dimensiones 20x10mm en un \u00e1ngulo interno de 90 grados. Esta pieza tiene una forma curva con un radio de curvatura adecuado para asegurar una conexi\u00f3n herm\u00e9tica y s\u00f3lida entre los tramos de canaleta. Est\u00e1 dise\u00f1ada para ser f\u00e1cilmente instalada mediante un sistema de clipaje, sin necesidad de herramientas especiales.<\/p>\n","protected":false},"excerpt":{"rendered":"<p>La curva interior para canaleta PVC 20x10mm LEXO es una pieza de pl\u00e1stico moldeado que se utiliza para conectar dos tramos de canaleta de PVC de dimensiones 20x10mm en un \u00e1ngulo interno de 90 grados. Esta pieza tiene una forma curva con un radio de curvatura adecuado para asegurar una conexi\u00f3n herm\u00e9tica y s\u00f3lida entre los tramos de canaleta. Est\u00e1 [&hellip;]<\/p>\n","protected":false},"featured_media":1922,"comment_status":"open","ping_status":"closed","template":"","meta":{"_joinchat":[]},"product_brand":[],"product_cat":[56,16],"product_tag":[],"class_list":{"0":"post-1923","1":"product","2":"type-product","3":"status-publish","4":"has-post-thumbnail","6":"product_cat-canalizacion","7":"product_cat-electricidad","9":"first","10":"instock","11":"shipping-taxable","12":"purchasable","13":"product-type-simple"},"ams_default_variation_id":0,"ams_product_points_reward":[],"ams_product_discount_percentage":0,"ams_price_to_display":350,"ams_acf":[],"jetpack_sharing_enabled":true,"_links":{"self":[{"href":"https:\/\/solucionsolar.cl\/solar\/wp-json\/wp\/v2\/product\/1923","targetHints":{"allow":["GET"]}}],"collection":[{"href":"https:\/\/solucionsolar.cl\/solar\/wp-json\/wp\/v2\/product"}],"about":[{"href":"https:\/\/solucionsolar.cl\/solar\/wp-json\/wp\/v2\/types\/product"}],"replies":[{"embeddable":true,"href":"https:\/\/solucionsolar.cl\/solar\/wp-json\/wp\/v2\/comments?post=1923"}],"wp:featuredmedia":[{"embeddable":true,"href":"https:\/\/solucionsolar.cl\/solar\/wp-json\/wp\/v2\/media\/1922"}],"wp:attachment":[{"href":"https:\/\/solucionsolar.cl\/solar\/wp-json\/wp\/v2\/media?parent=1923"}],"wp:term":[{"taxonomy":"product_brand","embeddable":true,"href":"https:\/\/solucionsolar.cl\/solar\/wp-json\/wp\/v2\/product_brand?post=1923"},{"taxonomy":"product_cat","embeddable":true,"href":"https:\/\/solucionsolar.cl\/solar\/wp-json\/wp\/v2\/product_cat?post=1923"},{"taxonomy":"product_tag","embeddable":true,"href":"https:\/\/solucionsolar.cl\/solar\/wp-json\/wp\/v2\/product_tag?post=1923"}],"curies":[{"name":"wp","href":"https:\/\/api.w.org\/{rel}","templated":true}]}}