{"id":1925,"date":"2023-05-15T23:09:14","date_gmt":"2023-05-15T23:09:14","guid":{"rendered":"https:\/\/solucionsolar.cl\/solar\/producto\/aislador-carrete-mediano-20kv\/"},"modified":"2023-05-15T23:09:14","modified_gmt":"2023-05-15T23:09:14","slug":"aislador-carrete-mediano-20kv","status":"publish","type":"product","link":"https:\/\/solucionsolar.cl\/solar\/producto\/aislador-carrete-mediano-20kv\/","title":{"rendered":"Aislador carrete mediano 20KV"},"content":{"rendered":"<p>Un aislador carrete mediano 20KV es un dispositivo dise\u00f1ado para soportar y separar conductores el\u00e9ctricos de alta tensi\u00f3n. Su estructura consiste en un n\u00facleo central de porcelana o vidrio, que proporciona aislamiento el\u00e9ctrico, y un carrete de metal que se utiliza para fijar el conductor.<\/p>\n","protected":false},"excerpt":{"rendered":"<p>Un aislador carrete mediano 20KV es un dispositivo dise\u00f1ado para soportar y separar conductores el\u00e9ctricos de alta tensi\u00f3n. Su estructura consiste en un n\u00facleo central de porcelana o vidrio, que proporciona aislamiento el\u00e9ctrico, y un carrete de metal que se utiliza para fijar el conductor.<\/p>\n","protected":false},"featured_media":1924,"comment_status":"open","ping_status":"closed","template":"","meta":{"_joinchat":[]},"product_brand":[],"product_cat":[57,26],"product_tag":[],"class_list":{"0":"post-1925","1":"product","2":"type-product","3":"status-publish","4":"has-post-thumbnail","6":"product_cat-accesorios","7":"product_cat-empalmes","9":"first","10":"instock","11":"shipping-taxable","12":"purchasable","13":"product-type-simple"},"ams_default_variation_id":0,"ams_product_points_reward":[],"ams_product_discount_percentage":0,"ams_price_to_display":450,"ams_acf":[],"jetpack_sharing_enabled":true,"_links":{"self":[{"href":"https:\/\/solucionsolar.cl\/solar\/wp-json\/wp\/v2\/product\/1925","targetHints":{"allow":["GET"]}}],"collection":[{"href":"https:\/\/solucionsolar.cl\/solar\/wp-json\/wp\/v2\/product"}],"about":[{"href":"https:\/\/solucionsolar.cl\/solar\/wp-json\/wp\/v2\/types\/product"}],"replies":[{"embeddable":true,"href":"https:\/\/solucionsolar.cl\/solar\/wp-json\/wp\/v2\/comments?post=1925"}],"wp:featuredmedia":[{"embeddable":true,"href":"https:\/\/solucionsolar.cl\/solar\/wp-json\/wp\/v2\/media\/1924"}],"wp:attachment":[{"href":"https:\/\/solucionsolar.cl\/solar\/wp-json\/wp\/v2\/media?parent=1925"}],"wp:term":[{"taxonomy":"product_brand","embeddable":true,"href":"https:\/\/solucionsolar.cl\/solar\/wp-json\/wp\/v2\/product_brand?post=1925"},{"taxonomy":"product_cat","embeddable":true,"href":"https:\/\/solucionsolar.cl\/solar\/wp-json\/wp\/v2\/product_cat?post=1925"},{"taxonomy":"product_tag","embeddable":true,"href":"https:\/\/solucionsolar.cl\/solar\/wp-json\/wp\/v2\/product_tag?post=1925"}],"curies":[{"name":"wp","href":"https:\/\/api.w.org\/{rel}","templated":true}]}}