{"id":1926,"date":"2023-05-15T23:09:15","date_gmt":"2023-05-15T23:09:15","guid":{"rendered":"https:\/\/solucionsolar.cl\/solar\/producto\/cable-l-halogeno-25mm-colores-50mt\/"},"modified":"2023-05-15T23:09:15","modified_gmt":"2023-05-15T23:09:15","slug":"cable-l-halogeno-25mm-colores-50mt","status":"publish","type":"product","link":"https:\/\/solucionsolar.cl\/solar\/producto\/cable-l-halogeno-25mm-colores-50mt\/","title":{"rendered":"Cable L\/Hal\u00f3geno 2,5mm Colores (50mt)"},"content":{"rendered":"<p>El Cable L\/Hal\u00f3geno 2,5mm Colores (50mt) es un cable el\u00e9ctrico con un di\u00e1metro de 6mm y un revestimiento de material libre de hal\u00f3genos, lo que significa que no emite gases t\u00f3xicos en caso de incendio.<\/p>\n","protected":false},"excerpt":{"rendered":"<p>El Cable L\/Hal\u00f3geno 2,5mm Colores (50mt) es un cable el\u00e9ctrico con un di\u00e1metro de 6mm y un revestimiento de material libre de hal\u00f3genos, lo que significa que no emite gases t\u00f3xicos en caso de incendio.<\/p>\n","protected":false},"featured_media":1870,"comment_status":"open","ping_status":"closed","template":"","meta":{"_joinchat":[]},"product_brand":[],"product_cat":[18,16],"product_tag":[],"class_list":{"0":"post-1926","1":"product","2":"type-product","3":"status-publish","4":"has-post-thumbnail","6":"product_cat-cables","7":"product_cat-electricidad","9":"first","10":"instock","11":"shipping-taxable","12":"purchasable","13":"product-type-simple"},"ams_default_variation_id":0,"ams_product_points_reward":[],"ams_product_discount_percentage":0,"ams_price_to_display":22500,"ams_acf":[],"jetpack_sharing_enabled":true,"_links":{"self":[{"href":"https:\/\/solucionsolar.cl\/solar\/wp-json\/wp\/v2\/product\/1926","targetHints":{"allow":["GET"]}}],"collection":[{"href":"https:\/\/solucionsolar.cl\/solar\/wp-json\/wp\/v2\/product"}],"about":[{"href":"https:\/\/solucionsolar.cl\/solar\/wp-json\/wp\/v2\/types\/product"}],"replies":[{"embeddable":true,"href":"https:\/\/solucionsolar.cl\/solar\/wp-json\/wp\/v2\/comments?post=1926"}],"wp:featuredmedia":[{"embeddable":true,"href":"https:\/\/solucionsolar.cl\/solar\/wp-json\/wp\/v2\/media\/1870"}],"wp:attachment":[{"href":"https:\/\/solucionsolar.cl\/solar\/wp-json\/wp\/v2\/media?parent=1926"}],"wp:term":[{"taxonomy":"product_brand","embeddable":true,"href":"https:\/\/solucionsolar.cl\/solar\/wp-json\/wp\/v2\/product_brand?post=1926"},{"taxonomy":"product_cat","embeddable":true,"href":"https:\/\/solucionsolar.cl\/solar\/wp-json\/wp\/v2\/product_cat?post=1926"},{"taxonomy":"product_tag","embeddable":true,"href":"https:\/\/solucionsolar.cl\/solar\/wp-json\/wp\/v2\/product_tag?post=1926"}],"curies":[{"name":"wp","href":"https:\/\/api.w.org\/{rel}","templated":true}]}}