{"id":1932,"date":"2023-05-15T23:09:36","date_gmt":"2023-05-15T23:09:36","guid":{"rendered":"https:\/\/solucionsolar.cl\/solar\/producto\/boquilla-empalme-para-caleco-recta\/"},"modified":"2023-05-15T23:09:36","modified_gmt":"2023-05-15T23:09:36","slug":"boquilla-empalme-para-caleco-recta","status":"publish","type":"product","link":"https:\/\/solucionsolar.cl\/solar\/producto\/boquilla-empalme-para-caleco-recta\/","title":{"rendered":"Boquilla empalme para caleco (recta)"},"content":{"rendered":"<p>La boquilla empalme para caleco (recta) de electricidad es un componente el\u00e9ctrico que se utiliza para conectar cables el\u00e9ctricos. Se compone de una pieza cil\u00edndrica con dos orificios en los extremos, dise\u00f1ados para insertar los cables y asegurarlos mediante tornillos o clips.<\/p>\n","protected":false},"excerpt":{"rendered":"<p>La boquilla empalme para caleco (recta) de electricidad es un componente el\u00e9ctrico que se utiliza para conectar cables el\u00e9ctricos. Se compone de una pieza cil\u00edndrica con dos orificios en los extremos, dise\u00f1ados para insertar los cables y asegurarlos mediante tornillos o clips.<\/p>\n","protected":false},"featured_media":1931,"comment_status":"open","ping_status":"closed","template":"","meta":{"_joinchat":[]},"product_brand":[],"product_cat":[57,26],"product_tag":[],"class_list":{"0":"post-1932","1":"product","2":"type-product","3":"status-publish","4":"has-post-thumbnail","6":"product_cat-accesorios","7":"product_cat-empalmes","9":"first","10":"instock","11":"shipping-taxable","12":"purchasable","13":"product-type-simple"},"ams_default_variation_id":0,"ams_product_points_reward":[],"ams_product_discount_percentage":0,"ams_price_to_display":250,"ams_acf":[],"jetpack_sharing_enabled":true,"_links":{"self":[{"href":"https:\/\/solucionsolar.cl\/solar\/wp-json\/wp\/v2\/product\/1932","targetHints":{"allow":["GET"]}}],"collection":[{"href":"https:\/\/solucionsolar.cl\/solar\/wp-json\/wp\/v2\/product"}],"about":[{"href":"https:\/\/solucionsolar.cl\/solar\/wp-json\/wp\/v2\/types\/product"}],"replies":[{"embeddable":true,"href":"https:\/\/solucionsolar.cl\/solar\/wp-json\/wp\/v2\/comments?post=1932"}],"wp:featuredmedia":[{"embeddable":true,"href":"https:\/\/solucionsolar.cl\/solar\/wp-json\/wp\/v2\/media\/1931"}],"wp:attachment":[{"href":"https:\/\/solucionsolar.cl\/solar\/wp-json\/wp\/v2\/media?parent=1932"}],"wp:term":[{"taxonomy":"product_brand","embeddable":true,"href":"https:\/\/solucionsolar.cl\/solar\/wp-json\/wp\/v2\/product_brand?post=1932"},{"taxonomy":"product_cat","embeddable":true,"href":"https:\/\/solucionsolar.cl\/solar\/wp-json\/wp\/v2\/product_cat?post=1932"},{"taxonomy":"product_tag","embeddable":true,"href":"https:\/\/solucionsolar.cl\/solar\/wp-json\/wp\/v2\/product_tag?post=1932"}],"curies":[{"name":"wp","href":"https:\/\/api.w.org\/{rel}","templated":true}]}}