{"id":1934,"date":"2023-05-15T23:09:50","date_gmt":"2023-05-15T23:09:50","guid":{"rendered":"https:\/\/solucionsolar.cl\/solar\/producto\/tensor-para-concentrico\/"},"modified":"2023-05-15T23:09:50","modified_gmt":"2023-05-15T23:09:50","slug":"tensor-para-concentrico","status":"publish","type":"product","link":"https:\/\/solucionsolar.cl\/solar\/producto\/tensor-para-concentrico\/","title":{"rendered":"Tensor para conc\u00e9ntrico"},"content":{"rendered":"<p>Los tensores est\u00e1n inyectados en polipropileno copol\u00edmero.La cu\u00f1a de la unidad est\u00e1 inyectada en el mismo material.El gancho del tensor es de acero inoxidable y todo el conjunto est\u00e1 unido por un lazo.Este tensor es recomendado para ser utilizado en zonas costeras, de alta contaminaci\u00f3n y en general en cualquier clima donde la radiaci\u00f3n UV no sea muy alta.<\/p>\n","protected":false},"excerpt":{"rendered":"<p>Los tensores est\u00e1n inyectados en polipropileno copol\u00edmero.La cu\u00f1a de la unidad est\u00e1 inyectada en el mismo material.El gancho del tensor es de acero inoxidable y todo el conjunto est\u00e1 unido por un lazo.Este tensor es recomendado para ser utilizado en zonas costeras, de alta contaminaci\u00f3n y en general en cualquier clima donde la radiaci\u00f3n UV no sea muy alta.<\/p>\n","protected":false},"featured_media":1933,"comment_status":"open","ping_status":"closed","template":"","meta":{"_joinchat":[]},"product_brand":[],"product_cat":[57,26],"product_tag":[],"class_list":{"0":"post-1934","1":"product","2":"type-product","3":"status-publish","4":"has-post-thumbnail","6":"product_cat-accesorios","7":"product_cat-empalmes","9":"first","10":"instock","11":"shipping-taxable","12":"purchasable","13":"product-type-simple"},"ams_default_variation_id":0,"ams_product_points_reward":[],"ams_product_discount_percentage":0,"ams_price_to_display":1350,"ams_acf":[],"jetpack_sharing_enabled":true,"_links":{"self":[{"href":"https:\/\/solucionsolar.cl\/solar\/wp-json\/wp\/v2\/product\/1934","targetHints":{"allow":["GET"]}}],"collection":[{"href":"https:\/\/solucionsolar.cl\/solar\/wp-json\/wp\/v2\/product"}],"about":[{"href":"https:\/\/solucionsolar.cl\/solar\/wp-json\/wp\/v2\/types\/product"}],"replies":[{"embeddable":true,"href":"https:\/\/solucionsolar.cl\/solar\/wp-json\/wp\/v2\/comments?post=1934"}],"wp:featuredmedia":[{"embeddable":true,"href":"https:\/\/solucionsolar.cl\/solar\/wp-json\/wp\/v2\/media\/1933"}],"wp:attachment":[{"href":"https:\/\/solucionsolar.cl\/solar\/wp-json\/wp\/v2\/media?parent=1934"}],"wp:term":[{"taxonomy":"product_brand","embeddable":true,"href":"https:\/\/solucionsolar.cl\/solar\/wp-json\/wp\/v2\/product_brand?post=1934"},{"taxonomy":"product_cat","embeddable":true,"href":"https:\/\/solucionsolar.cl\/solar\/wp-json\/wp\/v2\/product_cat?post=1934"},{"taxonomy":"product_tag","embeddable":true,"href":"https:\/\/solucionsolar.cl\/solar\/wp-json\/wp\/v2\/product_tag?post=1934"}],"curies":[{"name":"wp","href":"https:\/\/api.w.org\/{rel}","templated":true}]}}